{"id":338,"date":"2018-07-30T20:08:36","date_gmt":"2018-07-30T19:08:36","guid":{"rendered":"http:\/\/www.nbs-sr.de\/\/?page_id=338"},"modified":"2020-08-05T16:27:26","modified_gmt":"2020-08-05T15:27:26","slug":"was-sind-effektive-mikroorganismen","status":"publish","type":"page","link":"https:\/\/www.nbs-sr.de\/?page_id=338","title":{"rendered":"1. Was sind Effektive Mikroorganismen?"},"content":{"rendered":"<p><strong>Was sind Effektive Mikroorganismen (EM\u00b4s)?&nbsp;&nbsp;&nbsp;&nbsp;&nbsp;&nbsp;&nbsp;&nbsp;&nbsp;&nbsp;&nbsp;&nbsp;&nbsp;&nbsp;&nbsp;&nbsp;&nbsp;&nbsp;&nbsp;&nbsp;&nbsp;&nbsp;&nbsp;&nbsp;&nbsp;&nbsp;&nbsp;&nbsp;&nbsp;&nbsp;&nbsp;&nbsp;&nbsp;&nbsp;&nbsp;&nbsp;&nbsp;&nbsp;&nbsp;&nbsp;&nbsp;&nbsp;&nbsp;&nbsp;&nbsp;&nbsp;&nbsp;&nbsp;&nbsp;&nbsp;&nbsp;&nbsp;&nbsp;&nbsp;&nbsp;&nbsp;&nbsp;&nbsp;&nbsp;&nbsp;&nbsp;&nbsp;&nbsp;&nbsp;&nbsp;&nbsp;&nbsp;&nbsp;&nbsp;&nbsp;&nbsp;&nbsp;&nbsp;&nbsp;&nbsp;&nbsp;&nbsp;&nbsp;&nbsp;&nbsp;&nbsp;&nbsp; Download als pdf: &nbsp; <a href=\"https:\/\/www.nbs-sr.de\/\/wp-content\/uploads\/2018\/08\/Was-sind-Effektive-Mikroorganismen.pdf\">Was sind Effektive Mikroorganismen<\/a><br \/>\n<\/strong><\/p>\n<p><strong>Historie&nbsp;&nbsp;&nbsp;&nbsp;&nbsp;&nbsp;&nbsp; <\/strong><\/p>\n<p>Die Technologie, die hinter dem Konzept von den Effektiven Mikroorganismen steht, sowie ihre praktische Anwendung wurden von dem Agrarwissenschaftler Dr. Teruo Higa, Hochschullehrer an der Universit\u00e4t des Ryukyus-Archipels auf Okinawa, Japan, entwickelt.<\/p>\n<p><strong>Effektive Mikroorganismen <\/strong><\/p>\n<p>Die Mikroorganismen-L\u00f6sung, ist ein fl\u00fcssiges Multi-Mikroben-Pr\u00e4parat und als solches ein Hilfsmittel zur Verlebendigung (Belebung) des Bodens. Diese enth\u00e4lt insb. <strong>Photosynthesebakterien, Milchs\u00e4urebakterien, Hefen und fermentaktive Pilze<\/strong>. <strong>Es besteht aus einer Mischkultur von n\u00fctzlichen, effektiven, f\u00fcr Mensch, Tier, Pflanz<\/strong><img loading=\"lazy\" decoding=\"async\" class=\"wp-image-339 alignleft\" src=\"https:\/\/www.nbs-sr.de\/\/wp-content\/uploads\/2018\/07\/Bild-Hefe-2.jpg\" alt=\"\" width=\"266\" height=\"210\"><strong>e und Umwelt v\u00f6llig unsch\u00e4dlichen Mikroorganismen, die sich weltweit in nat\u00fcrlicher Umgebung, von wo sie gesammelt wurden, nachweisen lassen, von denen wir die meisten aus der Herstellung von K\u00e4se, Jogh<\/strong><strong>urt oder Bier kennen.<\/strong> Die Kulturen werden deshalb erstrangig als eine Art \u00bbImpfungen\u00ab verwendet, um das Mikrobenleben zu vermehren und zu aktivieren. Dadurch wird ein nat\u00fcrlicher Prozess, den man als F\u00f6rderung der Konkurrenz- und Gegenspieleraktivit\u00e4ten der Mikroorganismen bezeichnen k\u00f6nnte, ausgel\u00f6st. So werden m\u00f6gliche Krankheiten und \u00bbSch\u00e4dlinge\u00ab sozusagen im Vorfeld unterdr\u00fcckt und kontrolliert. Man entzieht den Krankheiten und \u00bbSch\u00e4dlingen\u00ab auf nat\u00fcrliche Weise die Lebensgrundlagen. Ebenso wird z.B. die Widerstandskraft von Pflanzen in betr\u00e4chtlicher Weise gest\u00e4rkt und wertvolle N\u00e4hrstoffe und Antioxidantien verf\u00fcgbar gemacht. Dies wiederum verbessert die Qualit\u00e4t und Gesundheit, wodurch Wachstum, Ertrag, Erntequalit\u00e4t und Lagerf\u00e4higkeit deutlich gesteigert werden.<\/p>\n<p>&nbsp;<\/p>\n<p>Urspr\u00fcnglich wurde EM als Alternative zum Einsatz von Chemikalien in der Landwirtschaft angesehen. Heute wird EM weltweit in mehr als 50 L\u00e4ndern produziert und nicht nur zur F\u00f6rderung einer nachhaltigen Landwirtschaft eingesetzt, sondern auch f\u00fcr Anwendungen in den Bereichen Umwelt, Industrie und Tiere und Menschen. EM ist kein D\u00fcnger, Desinfektionsmittel oder Antibiotikum. Es ist keine Medizin, auch wurde es nicht gentechnisch ver\u00e4ndert<\/p>\n<p><strong>&#8230; als Bodenhilfsstoff<\/strong><\/p>\n<p>Mit EM wird organische Substanz im Boden nicht so schnell abgebaut (fermentativer Umbau und Synthese statt Oxidation) und es entstehen viele, <strong>f\u00fcr die Pflanze wertvolle Substanzen<\/strong>. Durch die Vermeidung vo<img loading=\"lazy\" decoding=\"async\" class=\" wp-image-340 alignright\" src=\"https:\/\/www.nbs-sr.de\/\/wp-content\/uploads\/2018\/07\/Bild-Milchs\u00e4urebakterien-300x200.jpg\" alt=\"\" width=\"257\" height=\"171\" srcset=\"https:\/\/www.nbs-sr.de\/wp-content\/uploads\/2018\/07\/Bild-Milchs\u00e4urebakterien-300x200.jpg 300w, https:\/\/www.nbs-sr.de\/wp-content\/uploads\/2018\/07\/Bild-Milchs\u00e4urebakterien-416x278.jpg 416w, https:\/\/www.nbs-sr.de\/wp-content\/uploads\/2018\/07\/Bild-Milchs\u00e4urebakterien.jpg 451w\" sizes=\"auto, (max-width: 257px) 100vw, 257px\" \/>n Oxidation speichern die geimpften B\u00f6den mehr Energie und Humus. Die <strong>Unterdr\u00fcckung von F\u00e4ulnis<\/strong> erspart den Pflanzen viele Giftstoffe.Pflanzen quittieren einen EM-optimierten Boden mit <strong>mehr Feinwurzelwachs<\/strong><strong>tum<\/strong> und <strong>weniger Anf\u00e4lligkeit gegen\u00fcber sch\u00e4dlichen Erregern<\/strong>. Die N\u00e4hrstoffaufnahme und N\u00e4hrstoffbindung durch die Pflanzen verbessert sich stark. Die <strong>Ertr\u00e4ge steigen<\/strong> auch <strong>ohne Kunstd\u00fcnger<\/strong>. Die <strong>Qualit\u00e4t der Produkte<\/strong> <strong>wird besser<\/strong>. Die Pflanzen enthalten mehr Antioxidantien, Chlorophyll, Mineralien, Proteine und Vitamine und die landwirtschaftlichen Erzeugnisse halten sich l\u00e4nger.<\/p>\n<p>Die Anwendung kann als Spr\u00fchung von verd\u00fcnnter L\u00f6sung von Effektiven Mikroorganismen erfolgen, als angerei<img loading=\"lazy\" decoding=\"async\" class=\" wp-image-341 alignleft\" src=\"https:\/\/www.nbs-sr.de\/\/wp-content\/uploads\/2018\/07\/Bild-Photosynthesebakterien.jpg\" alt=\"\" width=\"251\" height=\"190\">cherter Kompost oder als Beimischung in der Bew\u00e4sserung. Aber auch bei einer Anwendung als Siliermittel in der F\u00fctterung werden die Effekte langfristig wirksam.<br \/>\nGerade bei der Impfung von B\u00f6den zeigt sich, dass die Bakterien Zeit brauchen. Die Ergebnisse die nach einem Monat zu sehen sind, sind nichts im Vergleich zum Zustand nach einem halben Jahr und diese nichts im Vergleich zu den Ver\u00e4nderungen nach drei Jahren. Es kann seine Wirkungen nur entfalten wenn dem Boden regelm\u00e4\u00dfig \u00fcber Mist und Gr\u00fcnd\u00fcngung organische Substanz zugef\u00fchrt wird. F\u00fcr das \u201eFutter\u201c der Bakterien muss gesorgt sein.<\/p>\n<p>Die Besonderheit der Effektiven Mikroorganismen ist die friedliche Kooperation von aeroben und anaeroben Bakterien, die hier gegenseitig von den Ausscheidungen des anderen leben!<\/p>\n<p>&nbsp;<\/p>\n<p>&nbsp;<\/p>\n<p>&nbsp;<\/p>\n<p>&nbsp;<\/p>\n<p>&nbsp;<\/p>\n","protected":false},"excerpt":{"rendered":"<p>Was sind Effektive Mikroorganismen (EM\u00b4s)?&nbsp;&nbsp;&nbsp;&nbsp;&nbsp;&nbsp;&nbsp;&nbsp;&nbsp;&nbsp;&nbsp;&nbsp;&nbsp;&nbsp;&nbsp;&nbsp;&nbsp;&nbsp;&nbsp;&nbsp;&nbsp;&nbsp;&nbsp;&nbsp;&nbsp;&nbsp;&nbsp;&nbsp;&nbsp;&nbsp;&nbsp;&nbsp;&nbsp;&nbsp;&nbsp;&nbsp;&nbsp;&nbsp;&nbsp;&nbsp;&nbsp;&nbsp;&nbsp;&nbsp;&nbsp;&nbsp;&nbsp;&nbsp;&nbsp;&nbsp;&nbsp;&nbsp;&nbsp;&nbsp;&nbsp;&nbsp;&nbsp;&nbsp;&nbsp;&nbsp;&nbsp;&nbsp;&nbsp;&nbsp;&nbsp;&nbsp;&nbsp;&nbsp;&nbsp;&nbsp;&nbsp;&nbsp;&nbsp;&nbsp;&nbsp;&nbsp;&nbsp;&nbsp;&nbsp;&nbsp;&nbsp;&nbsp; Download als pdf: &nbsp; Was sind Effektive Mikroorganismen Historie&nbsp;&nbsp;&nbsp;&nbsp;&nbsp;&nbsp;&nbsp; Die Technologie, die hinter dem Konzept von den Effektiven Mikroorganismen steht, sowie ihre praktische Anwendung wurden von dem Agrarwissenschaftler Dr. Teruo Higa, Hochschullehrer an der Universit\u00e4t des Ryukyus-Archipels auf Okinawa, Japan, entwickelt. Effektive Mikroorganismen Die Mikroorganismen-L\u00f6sung, ist ein fl\u00fcssiges Multi-Mikroben-Pr\u00e4parat und [&hellip;]<\/p>\n","protected":false},"author":1,"featured_media":0,"parent":325,"menu_order":1,"comment_status":"closed","ping_status":"closed","template":"","meta":{"_monsterinsights_skip_tracking":false,"_monsterinsights_sitenote_active":false,"_monsterinsights_sitenote_note":"","_monsterinsights_sitenote_category":0,"jetpack_post_was_ever_published":false,"footnotes":""},"class_list":["post-338","page","type-page","status-publish","hentry"],"jetpack_sharing_enabled":true,"jetpack_shortlink":"https:\/\/wp.me\/P9M12W-5s","_links":{"self":[{"href":"https:\/\/www.nbs-sr.de\/index.php?rest_route=\/wp\/v2\/pages\/338","targetHints":{"allow":["GET"]}}],"collection":[{"href":"https:\/\/www.nbs-sr.de\/index.php?rest_route=\/wp\/v2\/pages"}],"about":[{"href":"https:\/\/www.nbs-sr.de\/index.php?rest_route=\/wp\/v2\/types\/page"}],"author":[{"embeddable":true,"href":"https:\/\/www.nbs-sr.de\/index.php?rest_route=\/wp\/v2\/users\/1"}],"replies":[{"embeddable":true,"href":"https:\/\/www.nbs-sr.de\/index.php?rest_route=%2Fwp%2Fv2%2Fcomments&post=338"}],"version-history":[{"count":7,"href":"https:\/\/www.nbs-sr.de\/index.php?rest_route=\/wp\/v2\/pages\/338\/revisions"}],"predecessor-version":[{"id":559,"href":"https:\/\/www.nbs-sr.de\/index.php?rest_route=\/wp\/v2\/pages\/338\/revisions\/559"}],"up":[{"embeddable":true,"href":"https:\/\/www.nbs-sr.de\/index.php?rest_route=\/wp\/v2\/pages\/325"}],"wp:attachment":[{"href":"https:\/\/www.nbs-sr.de\/index.php?rest_route=%2Fwp%2Fv2%2Fmedia&parent=338"}],"curies":[{"name":"wp","href":"https:\/\/api.w.org\/{rel}","templated":true}]}}