{"id":366,"date":"2018-07-31T09:57:16","date_gmt":"2018-07-31T08:57:16","guid":{"rendered":"http:\/\/www.nbs-sr.de\/\/?page_id=366"},"modified":"2020-08-06T11:13:43","modified_gmt":"2020-08-06T10:13:43","slug":"was-ist-borem-akk","status":"publish","type":"page","link":"https:\/\/www.nbs-sr.de\/?page_id=366","title":{"rendered":"5. Was ist Borem AKK?"},"content":{"rendered":"<p><a href=\"https:\/\/www.nbs-sr.de\/?product_cat=borem-akk-effektive-mikroorganismen-zusatz\"><strong><u>Borem AKK:<\/u><\/strong><\/a><\/p>\n<p>Als Weiterentwicklung von Effektiven Mikroorganismen, aktiviert, kurz EM-A ist Borem AKK eine spezielle Mischung aus Mikroorganismen, Mineralien und Kohle. Diese Mischung stellt eine Vorstufe zur Selbstentwicklung des jeweiligen Bodens zur Ausbildung von sog. <a href=\"https:\/\/de.wikipedia.org\/wiki\/Terra_preta\">\u201eTerra Preta\u201c<\/a> dar. Die Kohle und die Mineralpulver bieten den Mikroorganismen zum Einen eine M\u00f6glichkeit Halt zu finden und von diesen Stoffen aus im Boden zu operieren, zum anderen bauen sie langsam diese Stoffe ab und um um andere Substanzen zu bilden welche dem Boden als N\u00e4hrstoffe dienen oder andere pflanzenf\u00f6rdernde Wirkungen erzielen.<\/p>\n<p>Bei l\u00e4ngerfristiger Anwendung wird der Boden zunehmend lockerer aber fester im Zusammenhalt durch Pilzgeflechte (Mycel) und vermehrtem Wurzelwuchs. Durch die langfristige Bereitstellung von wenigen N\u00e4hrstoffen aus dem Boden selbst und dort enthaltenen Pflanzenteilen wird die Basis f\u00fcr das \u00d6kosystem Boden gelegt, so dass sich auch viele andere n\u00fctzliche Organismen dort ansiedeln und die von ihnen vorgesehene und erwartete Arbeit zum Wohle aller verrichten. Je l\u00e4nger im Einsatz desto gr\u00f6\u00dfer der Nutzen und die Auswirkungen.<\/p>\n<p>Die Mikroorganismen k\u00f6nnen durch die bereitgestellten \u201eWohnungen\u201c l\u00e4nger operieren und ihre positive Wirkung entfalten.<\/p>\n<p>Die Wirkung h\u00e4ngt jedoch vom Boden, vom vorhandenen \u00d6kosystem und Pflanzenbewuchs ab und kann individuell variieren. Auch Wettersituationen k\u00f6nnen die Wirksamkeit beeinflussen.<\/p>\n<p>Die bisherigen Erfahrungen sowohl im Beet als auch im heimischen Blumentopf sind sehr positiv.<\/p>\n","protected":false},"excerpt":{"rendered":"<p>Borem AKK: Als Weiterentwicklung von Effektiven Mikroorganismen, aktiviert, kurz EM-A ist Borem AKK eine spezielle Mischung aus Mikroorganismen, Mineralien und Kohle. Diese Mischung stellt eine Vorstufe zur Selbstentwicklung des jeweiligen Bodens zur Ausbildung von sog. \u201eTerra Preta\u201c dar. Die Kohle und die Mineralpulver bieten den Mikroorganismen zum Einen eine M\u00f6glichkeit Halt zu finden und von [&hellip;]<\/p>\n","protected":false},"author":1,"featured_media":0,"parent":325,"menu_order":5,"comment_status":"closed","ping_status":"closed","template":"","meta":{"_monsterinsights_skip_tracking":false,"_monsterinsights_sitenote_active":false,"_monsterinsights_sitenote_note":"","_monsterinsights_sitenote_category":0,"jetpack_post_was_ever_published":false,"footnotes":""},"class_list":["post-366","page","type-page","status-publish","hentry"],"jetpack_sharing_enabled":true,"jetpack_shortlink":"https:\/\/wp.me\/P9M12W-5U","_links":{"self":[{"href":"https:\/\/www.nbs-sr.de\/index.php?rest_route=\/wp\/v2\/pages\/366","targetHints":{"allow":["GET"]}}],"collection":[{"href":"https:\/\/www.nbs-sr.de\/index.php?rest_route=\/wp\/v2\/pages"}],"about":[{"href":"https:\/\/www.nbs-sr.de\/index.php?rest_route=\/wp\/v2\/types\/page"}],"author":[{"embeddable":true,"href":"https:\/\/www.nbs-sr.de\/index.php?rest_route=\/wp\/v2\/users\/1"}],"replies":[{"embeddable":true,"href":"https:\/\/www.nbs-sr.de\/index.php?rest_route=%2Fwp%2Fv2%2Fcomments&post=366"}],"version-history":[{"count":3,"href":"https:\/\/www.nbs-sr.de\/index.php?rest_route=\/wp\/v2\/pages\/366\/revisions"}],"predecessor-version":[{"id":869,"href":"https:\/\/www.nbs-sr.de\/index.php?rest_route=\/wp\/v2\/pages\/366\/revisions\/869"}],"up":[{"embeddable":true,"href":"https:\/\/www.nbs-sr.de\/index.php?rest_route=\/wp\/v2\/pages\/325"}],"wp:attachment":[{"href":"https:\/\/www.nbs-sr.de\/index.php?rest_route=%2Fwp%2Fv2%2Fmedia&parent=366"}],"curies":[{"name":"wp","href":"https:\/\/api.w.org\/{rel}","templated":true}]}}