{"id":373,"date":"2018-07-31T10:07:11","date_gmt":"2018-07-31T09:07:11","guid":{"rendered":"http:\/\/www.nbs-sr.de\/\/?page_id=373"},"modified":"2020-08-06T11:10:32","modified_gmt":"2020-08-06T10:10:32","slug":"anwendungsgebiete-em","status":"publish","type":"page","link":"https:\/\/www.nbs-sr.de\/?page_id=373","title":{"rendered":"3. Anwendungsgebiete EM"},"content":{"rendered":"<p><strong>Anwendungsgebiete Effektive Mikroorganismen \u00a0\u00a0\u00a0EM \u00a0 \u00a0 \u00a0 \u00a0 \u00a0 \u00a0 \u00a0 \u00a0 \u00a0 \u00a0 \u00a0 \u00a0 \u00a0 \u00a0 \u00a0 \u00a0 \u00a0 \u00a0 \u00a0 \u00a0 \u00a0 \u00a0 \u00a0 \u00a0\u00a0 Download als pdf:\u00a0 <a href=\"https:\/\/www.nbs-sr.de\/\/wp-content\/uploads\/2018\/08\/EM-Anwendungsgebiete.pdf\">EM-Anwendungsgebiete<\/a><br \/>\n<\/strong><\/p>\n<p><strong>Anwendung im Haushalt<\/strong><\/p>\n<p><strong>Pflanzen gie\u00dfen: <\/strong><\/p>\n<p>Etwa 20 ml (1 Schnapsglas, Stamperl) <a href=\"https:\/\/www.nbs-sr.de\/?product_cat=em-a-effektive-mikroorganismen-aktiviert\">EM-A<\/a> oder <a href=\"https:\/\/www.nbs-sr.de\/?product_cat=borem-akk-effektive-mikroorganismen-zusatz\">Borem-AKK<\/a> in ca. 10l Gie\u00dfwasser geben. Die Pflanzen wachsen erheblich besser und sind sichtbar ges\u00fcnder.<\/p>\n<p><strong>Blumenvasen<\/strong>:<\/p>\n<p>Einige <a href=\"https:\/\/www.nbs-sr.de\/?product_cat=em-keramik\">EM- Keramikr\u00f6hrchen<\/a> in das Blumenwasser geben, dadurch bleiben Blumen l\u00e4nger frisch. Will man Stecklinge wurzeln lassen, dann benutzt man dazu auch die EM-Keramik Pipes im Wasser. Zus\u00e4tzlich etwas EM-A oder Borem-AKK verst\u00e4rkt den Effekt.<\/p>\n<p><strong>Hartn\u00e4ckiger Schmutz: <\/strong><\/p>\n<p>\u00dcber Nacht mit EM-L\u00f6sung einspr\u00fchen und am Morgen abwischen.<\/p>\n<p><strong>Deo\/Fu\u00dfspray:<\/strong><\/p>\n<p>In einer kleinen Pumpflasche eine leichte Verd\u00fcnnung herstellen und als Deo oder Fu\u00dfspray benutzen. Bei Fu\u00dfpilz regelm\u00e4\u00dfig EM-A ins Wasserbad geben. \u201eSchwei\u00dff\u00fc\u00dfe\u201c besiegt man auf diese Art und Weise.<\/p>\n<p><strong>Wundbehandlung: <\/strong><\/p>\n<p>etwas Honig und danach EM-A auf der Wunde verteilen oder eine Wundauflage mit EM-A und gegebenenfalls Honig tr\u00e4nken und fixieren beschleunigt die Heilung und verhindert Entz\u00fcndungen.<\/p>\n<p><strong>Biotonne:<\/strong><\/p>\n<p>K\u00fcchenabf\u00e4lle entwickeln vor allem in der warmen Jahreszeit unangenehme Ger\u00fcche, die durch w\u00f6chentlich mehrmaliges Bespr\u00fchen des Tonneninhaltes mit einer EM-1-Verd\u00fcnnung oder EM-A schnell verschwinden.<\/p>\n<p><strong>Betten:<\/strong><\/p>\n<p>Durch Bespr\u00fchen mit einer 1:1000 EM-1-L\u00f6sung werden die Bettst\u00fccke aufgefrischt, sie werden weich und die Bez\u00fcge wieder frischer. Au\u00dferdem werden Milben vertrieben.<\/p>\n<p><strong>Badezusatz: <\/strong><\/p>\n<p>Bei Neurodermitis, Schuppenflechte, Pilzerkrankungen, Hautreizungen, pH-Wert Probleme usw. 1-2 Liter EM-A in das Badewasser geben.<\/p>\n<p><strong>Entrosten:<\/strong><\/p>\n<p>zum Entrosten legt man die Gegenst\u00e4nde in EM-A ein. Die Gegenst\u00e4nde, welche mit EM-A bespr\u00fcht werden rosten nicht mehr so leicht.<\/p>\n<p><strong>Flecken:<\/strong><\/p>\n<p>Flecken auf der Backr\u00f6hre oder auf Fliesen\/Kacheln k\u00f6nnen mit EM-A leichter gel\u00f6st werden. Regelm\u00e4\u00dfige Behandlung beugt Flecken\/Bel\u00e4gen vor und verhindert Schimmelbildung.<\/p>\n<p><strong>\u00a0<\/strong><\/p>\n<p><strong>Glasscheiben:<\/strong><\/p>\n<p>Mit 3 E\u00dfl. auf einen Eimer Wasser ohne andere Putzmittel. Staub setzt sich nicht mehr so schnell an<\/p>\n<p><strong>Geschirrsp\u00fcler:<\/strong><\/p>\n<p>3 E\u00dfl. in das Reinigerfach und nur noch 1\/3 der normalen Reinigerdosis nehmen. Von Zeit zu Zeit ca. 1l EM-A bei Beginn des Hauptprogramms in die Geschirrsp\u00fclmaschine geben und leer durchlaufen lassen verhindert Kalkablagerungen und reinigt die Maschine. Wenn Speisereste anfangen zu riechen etwas EM-A dar\u00fcber spr\u00fchen um den Geruch zu mildern bzw. verschwinden zu lassen.<\/p>\n<p><strong>H\u00e4nde waschen:<\/strong><\/p>\n<p>Nach der Gartenarbeit oder nach \u00f6ligen, schmierigen Arbeiten die H\u00e4nde mit EM-A einreiben und danach waschen. Der Dreck verschwindet sogar aus der kleinsten Ritze und eventuelle Verletzungen werden desinfiziert und heilen schneller ab<\/p>\n<p><strong>Holzfu\u00dfboden\/Parkett:<\/strong><\/p>\n<p>Ein Holzfu\u00dfboden braucht nach dem Spr\u00fchen mit einer EM-L\u00f6sung von 1:100 nicht gewachst zu werden. Er gl\u00e4nzt nach der Anwendung.<\/p>\n<p><strong>Auto-\/Motorw\u00e4sche: <\/strong><\/p>\n<p>Vor der Waschanlage das Auto mit EM-A oder EM-Autoreiniger\/EM-Felgenreiniger einspr\u00fchen. Bei Handw\u00e4sche einen gro\u00dfen Schuss ins Putzwasser geben. Autopolster und Himmel mit einer EM-A- oder EM-Autoinnenreiniger-Verd\u00fcnnung einspr\u00fchen. Wenn man EM-A unter die Motorhaube spr\u00fcht, braucht man keine Motorw\u00e4sche mehr zu machen. EM-A in die Klimaanlage einsaugen zu lassen verhindert Geruchsbildung.<\/p>\n<p><strong>K\u00fchlschrank:<\/strong><\/p>\n<p>Eine Verd\u00fcnnung von EM-A 1:50 in den K\u00fchlraum gespr\u00fcht und EM-Pipes aufgef\u00e4delt und hinein h\u00e4ngen, halten die Lebensmittel l\u00e4nger frisch. Unangenehme Ger\u00fcche treten erst gar nicht auf<\/p>\n<p><strong>Kompost-\/Futtereimer:<\/strong><\/p>\n<p>Den Komposteimer regelm\u00e4\u00dfig mit EM-A bespr\u00fchen um Geruch vorzubeugen den Kompost zu fermentieren. Der Kompost fault somit nicht. Beim Futtereimer genauso verfahren.<\/p>\n<p><strong>M\u00fclleimer: <\/strong><\/p>\n<p>Den M\u00fclleimer regelm\u00e4\u00dfig mit EM-A einspr\u00fchen um Ger\u00fcche gar nicht erst entstehen zu lassen.<\/p>\n<p><strong>Schr\u00e4nke, Kleiderschr\u00e4nke: <\/strong><\/p>\n<p>Mit EM-L\u00f6sung 1:100 auswischen oder Innenw\u00e4nde und Schubladen bespr\u00fchen.<\/p>\n<p><strong>Brotkasten: <\/strong><\/p>\n<p>mit EM-A \u2013L\u00f6sung einspr\u00fchen um Schimmelbildung zu verlangsamen und das Brot l\u00e4nger frisch zu halten.<\/p>\n<p><strong>Leder:<\/strong><\/p>\n<p>Schimmelbel\u00e4ge auf Lederbekleidung, die sich w\u00e4hrend der Aufbewahrung im Schrank bilden, lassen sich durch Abreiben mit unverd\u00fcnntem EM-1 entfernen. Da Leder Ger\u00fcche absorbiert k\u00f6nnen diese durch die Behandlung wieder entfernt werden..<\/p>\n<p><strong>\u00a0<\/strong><\/p>\n<p><strong>Luftbefeuchter:<\/strong><\/p>\n<p>Ein paar Tropfen EM-1-L\u00f6sung \/ <a href=\"https:\/\/www.nbs-sr.de\/?product_cat=effektive-mikroorganismen-urloesung\">Url\u00f6sung<\/a> werden dem Wasser beigegeben. EM wird auf diese Weise in der Luft mit dem Wasserdampf verspr\u00fcht und die Ger\u00fcche verschwinden.<\/p>\n<p><strong>Klimaanlagen (auch im Auto), Absaughaube in der K\u00fcche:<\/strong><\/p>\n<p>Die Absaughaube \/ Autoklimaanlage \/ Heizung \/ L\u00fcftung voll aufdrehen und eine Verd\u00fcnnung von 1:5 EM-A in die Ansaugluft einspr\u00fchen. Die Ger\u00fcche beim Aufdrehen der Heizung verschwinden.<\/p>\n<p><strong>Obst\/Gem\u00fcse in der K\u00fcche: <\/strong><\/p>\n<p>Ca. 1\/2 Tasse EM-A auf 4-5 Liter Wasser geben. Das Obst oder Gem\u00fcse etwa 1 Stunde bei Zimmertemperatur stehen lassen und abtropfen lassen oder abtrocknen. Die Mikroorganismen lassen F\u00e4ulnisbakterien verschwinden und dadurch halten sich die Lebensmittel l\u00e4nger.<\/p>\n<p><strong>Raumspray:<\/strong><\/p>\n<p>Eine Mischung 1:1000 aus EM-A (oder EM-A hellblond oder Zitrus-, Lavendelreiniger f\u00fcr den Geruch) herstellen und bei \u00fcblen Ger\u00fcchen verspr\u00fchen. Vorsicht bei Papier und Tapeten, da l\u00e4sst sich die Zuckerrohrmelasse schlecht entfernen. (Evtl. EM-Blond\/Klar, Borem-API verwenden). Mit diesem Spray verschwinden s\u00e4mtliche unangenehme Ger\u00fcche und das Raumklima wird sp\u00fcrbar positiver.<\/p>\n<p><strong>Reinigen:<\/strong><\/p>\n<p>Je nach Verschmutzungsgrad eine Verd\u00fcnnung herstellen und auf die betroffenen Stellen spr\u00fchen und wirken lassen. EM-A oder EM-Reiniger als Zugabe zum Wischwasser und Abwaschwasser nehmen, keinen anderen Reiniger mehr dazugeben.<\/p>\n<p><strong>Schuhe:<\/strong><\/p>\n<p>Unangenehme Ger\u00fcche in Schuhschr\u00e4nken und Schuhen verschwinden mit einer d\u00fcnnen L\u00f6sung, und die Schuhe bekommen einen sch\u00f6nen Glanz. Zudem bauen die EM\u00b4s langsam vom Leder absorbierte Schadstoffe ab.<\/p>\n<p><strong>Schuppenflechte: <\/strong><\/p>\n<p>Mit EM-A als Badezusatz und danach die betroffenen Stellen mit einem EM-A Getr\u00e4nkten Tuch oder Mull (gegebenenfalls Honigzusatz) bedecken. Einige Zeit einwirken lassen, am besten \u00fcber Nacht<\/p>\n<p><strong>Teppich\/Polster\/Schimmel:<\/strong><\/p>\n<p>Sehr feucht mit einer Verd\u00fcnnung von 1:100 EM-A oder EM- Textil-\/Teppichreiniger einspr\u00fchen, um chemische Substanzen darin zu neutralisieren. Mehrmals im Abstand von ca. 10 Tagen damit einspr\u00fchen. Auch auf Kleidung funktioniert das gut.<\/p>\n<p><strong>Waschmaschine:<\/strong><\/p>\n<p>3 E\u00dfl. in das Waschpulverfach und nur noch 1\/3 der Waschpulvermenge nehmen. Mit der Zeit verschwinden Kalkablagerungen. Sehr gut auch mit Waschn\u00fcssen zu verwenden. Kleidung wird weicher, angenehmer zu tragen, beugt Ger\u00fcchen vor und ist besonders f\u00fcr Allergiker vertr\u00e4glich.<\/p>\n<p><strong>Pferdehaltung:<\/strong><\/p>\n<p><strong>Stall:<\/strong><\/p>\n<p>Eine Verd\u00fcnnung von EM-A im Stall verspr\u00fcht beugt Huff\u00e4ule vor, verhindert Ger\u00fcche vom Kot (und reduziert Fliegen) und das Tier f\u00fchlt sich wohler und ist ges\u00fcnder.<\/p>\n<p><strong>Futter:<\/strong><\/p>\n<p>EM-A- L\u00f6sung oder zugelassene Futteradditive zum Futter verhindern Darmkoliken und f\u00f6rdern das Wohlbefinden.<\/p>\n<p>Es existieren spezielle selbst hergestellte oder zugelassene Heulagen oder Futterbokashi oder andere Futteradditive welche dem Tier Energie geben und die Fresslust steigern. Das Pferd verdaut besser, f\u00fchlt sich wohler und ist ges\u00fcnder.<\/p>\n<p><strong>Wundbehandlung:<\/strong><\/p>\n<p>EM-A auf Wunden aufgespr\u00fcht l\u00e4sst diese schneller heilen. EM-A auf das Fell gespr\u00fcht, besonders an feuchten Stellen, z.B. unter dem Sattel, verhindert Entz\u00fcndungen und pflegt die Stellen. Ein Hufbad mit EM-A l\u00e4sst diese in den Huf einziehen. Der Huf wird gepflegt und gegen Krankheiten gesch\u00fctzt.<\/p>\n<p><strong>Fellpflege:<\/strong><\/p>\n<p>EM-A oder speziell f\u00fcr die Pferdepflege entwickelte zugelassene EM-Produkte pflegen das Fell durch Schaffung eines sch\u00fctzenden Milieus und das Fell gl\u00e4nzt verst\u00e4rkt.<\/p>\n<p><strong>Tierhaltung:<\/strong><\/p>\n<p><strong>Stall:<\/strong><\/p>\n<p>Eine Verd\u00fcnnung von EM-A im Stall verspr\u00fcht beugt Pilz- Erkrankungen vor, verhindert Ger\u00fcche vom Kot (und reduziert Fliegen) und das Tier f\u00fchlt sich wohler und ist ges\u00fcnder. EM-A- L\u00f6sung zum Futter verhindert Verdauungsprobleme und f\u00f6rdert das Wohlbefinden und damit die Agilit\u00e4t. Es gibt spezielle Heulagen oder Futterbokashi oder andere Futteradditive welche dem Tier zus\u00e4tzlich Energie geben. Mit EM behandelte G\u00fclle stinkt nicht mehr und ist erheblich vertr\u00e4glicher f\u00fcr die Umwelt! Die Anwendung von Antibiotika kann erheblich reduziert oder sogar eingestellt werden.<\/p>\n<p><strong>Wundbehandlung:<\/strong><\/p>\n<p>EM-A- Verd\u00fcnnung auf Wunden aufgespr\u00fcht l\u00e4sst diese schneller heilen und die Wunde hinterl\u00e4sst keine Narben.<\/p>\n<p><strong>Aquarium:<\/strong><\/p>\n<p>Zugaben von EM und Keramik-Pipes (min. 1 pro Liter) verhindern \u00fcberm\u00e4\u00dfiges Wachstum von Algen. Vorsicht: UV-Filter ausschalten, da der auch die EM\u00b4s t\u00f6tet! Die EM\u00b4s sammeln sich am Boden und im Filter und beugen Krankheiten vor und verleihen den Fischen erh\u00f6hte Aktivit\u00e4t und intensivere Farben. Der Zeitraum f\u00fcr den Wasserwechsel kann verdoppelt werden. Die Pflanzen wachsen besser und ges\u00fcnder.<\/p>\n<p><strong>Anwendung im Garten:<\/strong><\/p>\n<p>Mikroben sind daf\u00fcr verantwortlich, dass organisches Material (Abf\u00e4lle aller Art) gut verdaut wird. Da W\u00fcrmer die organische Substanz nur mithilfe von Steinchen und Mikroorganismen verdauen k\u00f6nnen, ziehen EM behandelte Fl\u00e4chen W\u00fcrmer an und der Boden wird lockerer. EM-Technologie ist ein Hilfsmittel dem Boden als Darm der Pflanze bei der Verdauung zu helfen. Man kann sowohl mit EM-1\/Url\u00f6sung als auch mit EM-A arbeiten.<\/p>\n<p><strong>Mit EM gie\u00dfen:<\/strong><\/p>\n<p>Verd\u00fcnnung: 5 Schnapsgl\u00e4ser EM auf eine 5-Liter-Kanne. Wenn Sie mit der EM-Verwendung beginnen, gie\u00dfen Sie alle 3 bis 6 Wochen den ganzen Garten ab. Kulturen, die Sie besonders f\u00f6rdern wollen, gie\u00dfen Sie jede Woche oder alle 14 Tage. Haben Sie einen guten Boden erreicht, gen\u00fcgt es, 2 \u00a0bis 3 x in der produktiven Jahreszeit zu gie\u00dfen.<\/p>\n<p><strong>Rasen verbessern mit EM und EM-Keramik-Pulver:<\/strong><\/p>\n<p>1 Hand voll Gesteinsmehl pro m2 im Fr\u00fchjahr und im Herbst streuen. Darin mischen Sie 1\/2 Teel\u00f6ffel EM-Keramik pro m\u00b2 ein, das mit ausgestreut wird. Alle 2 bis 4 Wochen den Rasen mit EM-A Verd\u00fcnnung intensiv gie\u00dfen. Diese Prozedur machen Sie 2 bis 3 Jahre lang und sp\u00e4ter nur noch einmal im Herbst. Ab dem 5 Jahr ben\u00f6tigen Sie kein Keramik-Pulver mehr. Moos verschwindet dauerhaft, wenn es nicht zu schattig ist. Der Boden unter dem Rasen wird durchl\u00e4ssig, und der Rasen verdorrt nicht mehr so schnell bei Wassermangel. D\u00fcngen Sie im Herbst, indem Sie Kompost \u00fcber den Rasen streuen oder kaufen Sie getrockneten Rindermist im Gartencenter. Das Material wird in ein bis zwei Wochen von den Regenw\u00fcrmern eingearbeitet. Dadurch f\u00f6rdern Sie die Gr\u00e4ser und ersparen sich die Kosten und die Arbeit des Vertikutierens<\/p>\n<p><strong>Kompost bereiten:<\/strong><\/p>\n<p>Bereiten Sie den Kompost nach der Methode \u201eStapelmist\u201c, so wie es die alten Bauern machten. Bringen Sie lagenweise das zu kompostierende Material auf. Alle 5 bis 10 cm streuen Sie eine Hand voll Gesteinsmehl und gie\u00dfen Sie einen kleinen Schwall aus der Gie\u00dfkanne mit EM-A- oder Borem-AKM &#8211; Verd\u00fcnnung. Anschlie\u00dfend treten sie den Kompost fest, so dass m\u00f6glichst wenig Sauerstoff im Haufen verbleibt. Mit EM wird der Kompost nicht so hei\u00df und \u00fcber eine fermentative Phase (sauer) werden Unkrautsamen und Pilzkrankheiten in nat\u00fcrlicher Weise abgebaut bzw. vertrieben. Auch dieser Kompost ist im Sommer in 10 Wochen ohne Umsetzen fertig und hat wesentlich mehr D\u00fcngekraft.<\/p>\n<p><strong>Mit Mulchmaterial, Schnecken bek\u00e4mpfen:<\/strong><\/p>\n<p>Wenn Sie Rasen schneiden bespr\u00fchen Sie den Rasen vor dem Schnitt mit 0,5 Liter EM auf 4,5 Liter Wasser \u00fcber die Gartenspritze und streuen Sie ev. hauchd\u00fcnn Gesteinsmehl. Beim M\u00e4hen entleeren Sie den Rasenschnitt direkt in dichte, starke Plastiks\u00e4cke, dr\u00fccken das Material dicht zusammen, so wie die Bauern die gro\u00dfen Silagehaufen verdichten. Sie stellen aus dem Rasenschnitt \u201eBokashi\u201c her! Nach drei bis 4 Wochen \u00f6ffnen Sie den Sack und haben ein angenehm s\u00fc\u00df-sauer riechendes Material. Damit mulchen Sie Ihre Beete. Das saure Material \u201everbrennt\u201c Unkraut. Halten Sie also ein wenig Abstand zu den Pflanzen, die Sie f\u00f6rdern wollen.<\/p>\n<p><strong>Gartenteich: <\/strong><\/p>\n<p>Zugabe von EM-A, EM-Keramik-Pipes, EM-Keramik-Pulver und Gesteinsmehl verhindern \u00fcberm\u00e4\u00dfiges Algenwachstum und f\u00f6rdern das Wachstum von Pflanzen. Vorsicht: UV-Filter ausschalten, da der auch die EM\u00b4s t\u00f6tet! Das Wasser wird klarer und bietet bessere Sicht in die Tiefe. Der Pumpenfilter muss seltener ges\u00e4ubert\/gewechselt werden und die Pumpe h\u00e4lt l\u00e4nger. Fische werden aktiver und f\u00fchlen sich wohler und bleiben ges\u00fcnder. Zuzug von seltenen Tieren nicht ausgeschlossen.<\/p>\n<p><strong>B\u00e4ume wiederbeleben:<\/strong><\/p>\n<p>Die Rinde der B\u00e4ume wird mehrmals im Jahr mit EM-A eingepinselt oder bespr\u00fcht. Sie k\u00f6nnen auch eine L\u00f6sung von EM-Keramikpulver mit EM vermischt herstellen, was die Wirkung erh\u00f6ht. Gie\u00dfen Sie die B\u00e4ume regelm\u00e4\u00dfig mit EM-Verd\u00fcnnung. EM-A unverd\u00fcnnt oder wenig verd\u00fcnnt bek\u00e4mpft Moos, Schimmel- und andere Pilze auf \u00c4sten, am Stamm und an den Fr\u00fcchten.<\/p>\n<p><strong>Spritzen mit EM:<\/strong><\/p>\n<p>Haben Sie noch Sch\u00e4dlinge im Garten, spritzen Sie beim Auftreten mit einer Verd\u00fcnnung von \u00bc Liter EM auf 5 Liter Wasser, so oft wie n\u00f6tig. Zus\u00e4tzlich kann ein fermentierter Kr\u00e4uterextrakt die Wirkung verst\u00e4rken. Ab dem 2. Jahr der intensiven EM-Verwendung im Garten hat das gro\u00dfen Erfolg.<\/p>\n<p><strong>Saat angie\u00dfen:<\/strong><\/p>\n<p>Gie\u00dfen Sie die Saat mit 1 Tasse EM auf einer 10-Liter-Kanne an, ebenso Kartoffeln beim Legen.<\/p>\n<p><strong>\u00a0<\/strong><\/p>\n<p><strong>Beizen von Saatgut:<\/strong><\/p>\n<p>Dazu nimmt man das EM-A und verd\u00fcnnt es im Verh\u00e4ltnis 1:100 mit gutem Leitungswasser, z.B. 10 Milliliter EM-A in 1,0 Liter Wasser.<\/p>\n<p>Kleine Saaten (z.B. M\u00f6hren, Salat usw.) 20 bis 30 Minuten<\/p>\n<p>Mittlere Saaten (z.B. Schwarzwurzeln, Rote Beeten usw.) 30 bis 60 Minuten<\/p>\n<p>Gro\u00dfe Saaten (z.B. K\u00fcrbis, Zuckermais, Bohnen bis zur Kartoffel) zwei bis drei Stunden.<\/p>\n<p>Nach dem Beizvorgang in EM Keramikpulver w\u00e4lzen und dann kann ausges\u00e4t werden. Die \u00fcbrig gebliebene Beizfl\u00fcssigkeit kann man beispielsweise noch zum Blumengie\u00dfen nehmen.<\/p>\n<p><strong>Kosmetik:<\/strong><\/p>\n<p><strong>Zahnpflege:<\/strong><\/p>\n<p>Zahncremes mit EM f\u00f6rdern ein gesundes, Entz\u00fcndung hemmendes Milieu im Mund- und Rachenraum. Zahncremes k\u00f6nnen auch zur punktuellen Anwendung auf der Haut herangezogen werden.<\/p>\n<p><strong>Fu\u00dfpflege, Hautpflege:<\/strong><\/p>\n<p>Cremes mit EM-Technologie entspannen die Haut auf nat\u00fcrliche Weise und unterst\u00fctzen die Selbstheilungs- und Schutzfunktion der hauteigenen Mikroorganismen. Pilzerkrankungen oder Entz\u00fcndungen gehen zur\u00fcck oder entstehen gar nicht erst.<\/p>\n<p><strong>Bauen mit EM:<\/strong><\/p>\n<p><strong>Renovieren \/ Neubau:<\/strong><\/p>\n<p>In Farbe, Putz oder \u00e4hnliches EM-A und EM-Keramik hinzugeben.(Am besten nat\u00fcrliche Kreide- oder Quark-Farben und Lehm) Man kann es auch zum Tapeten l\u00f6sen verwenden, gel\u00f6cherte Tapete einspr\u00fchen und noch einmal wiederholen. Die EM-Farben und Putze beugen Schimmelbildung vor und geben ein sehr angenehmes Wohnklima. Bei sehr hellen Farben eignet sich die Anwendung von hellem EM-A (blond\/Klar\/Borem-API).<\/p>\n","protected":false},"excerpt":{"rendered":"<p>Anwendungsgebiete Effektive Mikroorganismen \u00a0\u00a0\u00a0EM \u00a0 \u00a0 \u00a0 \u00a0 \u00a0 \u00a0 \u00a0 \u00a0 \u00a0 \u00a0 \u00a0 \u00a0 \u00a0 \u00a0 \u00a0 \u00a0 \u00a0 \u00a0 \u00a0 \u00a0 \u00a0 \u00a0 \u00a0 \u00a0\u00a0 Download als pdf:\u00a0 EM-Anwendungsgebiete Anwendung im Haushalt Pflanzen gie\u00dfen: Etwa 20 ml (1 Schnapsglas, Stamperl) EM-A oder Borem-AKK in ca. 10l Gie\u00dfwasser geben. Die Pflanzen wachsen erheblich [&hellip;]<\/p>\n","protected":false},"author":1,"featured_media":0,"parent":325,"menu_order":3,"comment_status":"closed","ping_status":"closed","template":"","meta":{"_monsterinsights_skip_tracking":false,"_monsterinsights_sitenote_active":false,"_monsterinsights_sitenote_note":"","_monsterinsights_sitenote_category":0,"jetpack_post_was_ever_published":false,"footnotes":""},"class_list":["post-373","page","type-page","status-publish","hentry"],"jetpack_sharing_enabled":true,"jetpack_shortlink":"https:\/\/wp.me\/P9M12W-61","_links":{"self":[{"href":"https:\/\/www.nbs-sr.de\/index.php?rest_route=\/wp\/v2\/pages\/373","targetHints":{"allow":["GET"]}}],"collection":[{"href":"https:\/\/www.nbs-sr.de\/index.php?rest_route=\/wp\/v2\/pages"}],"about":[{"href":"https:\/\/www.nbs-sr.de\/index.php?rest_route=\/wp\/v2\/types\/page"}],"author":[{"embeddable":true,"href":"https:\/\/www.nbs-sr.de\/index.php?rest_route=\/wp\/v2\/users\/1"}],"replies":[{"embeddable":true,"href":"https:\/\/www.nbs-sr.de\/index.php?rest_route=%2Fwp%2Fv2%2Fcomments&post=373"}],"version-history":[{"count":6,"href":"https:\/\/www.nbs-sr.de\/index.php?rest_route=\/wp\/v2\/pages\/373\/revisions"}],"predecessor-version":[{"id":867,"href":"https:\/\/www.nbs-sr.de\/index.php?rest_route=\/wp\/v2\/pages\/373\/revisions\/867"}],"up":[{"embeddable":true,"href":"https:\/\/www.nbs-sr.de\/index.php?rest_route=\/wp\/v2\/pages\/325"}],"wp:attachment":[{"href":"https:\/\/www.nbs-sr.de\/index.php?rest_route=%2Fwp%2Fv2%2Fmedia&parent=373"}],"curies":[{"name":"wp","href":"https:\/\/api.w.org\/{rel}","templated":true}]}}