{"id":376,"date":"2018-07-31T10:09:50","date_gmt":"2018-07-31T09:09:50","guid":{"rendered":"http:\/\/www.nbs-sr.de\/\/?page_id=376"},"modified":"2020-08-05T17:03:06","modified_gmt":"2020-08-05T16:03:06","slug":"kennen-sie-waschnuesse","status":"publish","type":"page","link":"https:\/\/www.nbs-sr.de\/?page_id=376","title":{"rendered":"8. Kennen sie Waschn\u00fcsse?"},"content":{"rendered":"<p><strong>Kennen Sie Waschn\u00fcsse?&nbsp;&nbsp;&nbsp;&nbsp;&nbsp;&nbsp;&nbsp;&nbsp;&nbsp;&nbsp;&nbsp;&nbsp;&nbsp;&nbsp;&nbsp;&nbsp;&nbsp;&nbsp;&nbsp;&nbsp;&nbsp;&nbsp;&nbsp;&nbsp;&nbsp;&nbsp;&nbsp;&nbsp;&nbsp;&nbsp;&nbsp;&nbsp;&nbsp;&nbsp;&nbsp;&nbsp;&nbsp;&nbsp;&nbsp;&nbsp;&nbsp;&nbsp;&nbsp;&nbsp;&nbsp;&nbsp;&nbsp;&nbsp;&nbsp;&nbsp;&nbsp;&nbsp;&nbsp;&nbsp;&nbsp;&nbsp;&nbsp;&nbsp;&nbsp;&nbsp;&nbsp;&nbsp;&nbsp;&nbsp;&nbsp;&nbsp;&nbsp;&nbsp;&nbsp;&nbsp;&nbsp;&nbsp;&nbsp;&nbsp;&nbsp;&nbsp;&nbsp;&nbsp;&nbsp;&nbsp;&nbsp;&nbsp;&nbsp;&nbsp;&nbsp;&nbsp;&nbsp; Download als pdf:&nbsp; <a href=\"https:\/\/www.nbs-sr.de\/\/wp-content\/uploads\/2018\/08\/Kennen-Sie-Waschn\u00fcsse..pdf\">Kennen Sie Waschn\u00fcsse.<\/a><br \/>\n<\/strong><\/p>\n<p><strong>Die \u00f6kologische Alternative zum W\u00e4sche waschen!&nbsp;&nbsp;&nbsp;&nbsp; Hier erh\u00e4ltlich.<\/strong><\/p>\n<p>Der <strong>Waschnussbaum<\/strong> (<em>Sapindus <\/em>mukorossi)&nbsp; ist ein Baum der <a href=\"http:\/\/de.wikipedia.org\/wiki\/Tropen\">tropischen<\/a> und <a href=\"http:\/\/de.wikipedia.org\/wiki\/Subtropen\">subtropischen<\/a> Regionen <a href=\"http:\/\/de.wikipedia.org\/wiki\/Asien\">Asiens<\/a>. Der wertvollste Teil der Pflanze sind ihre Fr\u00fcchte, die seit Jahrhunderten zum Waschen verwendet werden.<\/p>\n<p>Nach zehn Jahren tr\u00e4gt der Baum die ersten Fr\u00fcchte: orangefarbene, klebrige N\u00fcsse, die etwa haselnussgro\u00df sind und im September geerntet werden. Nach dem Trocknen sind die Fr\u00fcchte nicht mehr klebrig und rotbraun bis dunkelbraun.<\/p>\n<p>Die Schale der N\u00fcsse enth\u00e4lt bis 15 Prozent <a href=\"http:\/\/de.wikipedia.org\/wiki\/Saponine\">Saponine<\/a>. Die als \u201eWaschnuss\u201c bezeichneten Fr\u00fcchte werden in <a href=\"http:\/\/de.wikipedia.org\/wiki\/Indien\">Indien<\/a> traditionell zum Waschen von Kleidern und Haaren verwendet, aber auch als Heilmittel in der chinesischen und <a href=\"http:\/\/de.wikipedia.org\/wiki\/Ayurveda\">ayurvedischen<\/a> Medizin.<\/p>\n<p>Waschn\u00fcsse sind auch in Europa erh\u00e4ltlich, sowohl als ganze N\u00fcsse als auch in Pulverform, als gebrauchsfertige, halbierte Schalen.<\/p>\n<p>F\u00fcr die W\u00e4sche werden die N\u00fcsse geknackt und die Schalen in einem Baumwolls\u00e4ckchen zur W\u00e4sche in die Trommel gegeben. Je nach Waschtemperatur und Wasserh\u00e4rte variiert die ben\u00f6tigte Menge von 3 bis 7 Nussh\u00e4lften f\u00fcr eine Waschmaschinenladung. Die Waschn\u00fcsse k\u00f6nnen bei W\u00e4schen bis zu 40&nbsp;\u00b0C f\u00fcr zwei Waschg\u00e4nge verwendet werden. Anders als herk\u00f6mmliche Waschmittel haben Waschn\u00fcsse keine Wasser enth\u00e4rtende oder textilbleichende Wirkung und geben keine Geruchsstoffe an die W\u00e4sche ab. Bei Bedarf werden daher der W\u00e4sche zus\u00e4tzlich <a href=\"http:\/\/de.wikipedia.org\/wiki\/Bleichmittel\">Bleichmittel<\/a> (hier erh\u00e4ltlich), <a href=\"http:\/\/de.wikipedia.org\/wiki\/Wasserenth%C3%A4rter\">Wasserenth\u00e4rter<\/a> und\/oder Duftstoffe (z.&nbsp;B. \u00e4therische \u00d6le) zugegeben. Alternativ zum Wasserenth\u00e4rter kann die Waschl\u00f6sung mit <a href=\"http:\/\/de.wikipedia.org\/wiki\/Zitronens%C3%A4ure\">Zitronens\u00e4ure<\/a> anges\u00e4uert werden, da <a href=\"http:\/\/de.wikipedia.org\/wiki\/Saponin\">Saponin<\/a> auch in saurer L\u00f6sung wirksam ist.<\/p>\n<p>Mit Waschn\u00fcssen gewaschene W\u00e4sche ist auch f\u00fcr die meisten Allergiker angenehm!<\/p>\n","protected":false},"excerpt":{"rendered":"<p>Kennen Sie Waschn\u00fcsse?&nbsp;&nbsp;&nbsp;&nbsp;&nbsp;&nbsp;&nbsp;&nbsp;&nbsp;&nbsp;&nbsp;&nbsp;&nbsp;&nbsp;&nbsp;&nbsp;&nbsp;&nbsp;&nbsp;&nbsp;&nbsp;&nbsp;&nbsp;&nbsp;&nbsp;&nbsp;&nbsp;&nbsp;&nbsp;&nbsp;&nbsp;&nbsp;&nbsp;&nbsp;&nbsp;&nbsp;&nbsp;&nbsp;&nbsp;&nbsp;&nbsp;&nbsp;&nbsp;&nbsp;&nbsp;&nbsp;&nbsp;&nbsp;&nbsp;&nbsp;&nbsp;&nbsp;&nbsp;&nbsp;&nbsp;&nbsp;&nbsp;&nbsp;&nbsp;&nbsp;&nbsp;&nbsp;&nbsp;&nbsp;&nbsp;&nbsp;&nbsp;&nbsp;&nbsp;&nbsp;&nbsp;&nbsp;&nbsp;&nbsp;&nbsp;&nbsp;&nbsp;&nbsp;&nbsp;&nbsp;&nbsp;&nbsp;&nbsp;&nbsp;&nbsp;&nbsp;&nbsp; Download als pdf:&nbsp; Kennen Sie Waschn\u00fcsse. Die \u00f6kologische Alternative zum W\u00e4sche waschen!&nbsp;&nbsp;&nbsp;&nbsp; Hier erh\u00e4ltlich. Der Waschnussbaum (Sapindus mukorossi)&nbsp; ist ein Baum der tropischen und subtropischen Regionen Asiens. Der wertvollste Teil der Pflanze sind ihre Fr\u00fcchte, die seit Jahrhunderten zum Waschen verwendet werden. Nach zehn Jahren tr\u00e4gt der Baum die ersten Fr\u00fcchte: orangefarbene, [&hellip;]<\/p>\n","protected":false},"author":1,"featured_media":0,"parent":325,"menu_order":8,"comment_status":"closed","ping_status":"closed","template":"","meta":{"_monsterinsights_skip_tracking":false,"_monsterinsights_sitenote_active":false,"_monsterinsights_sitenote_note":"","_monsterinsights_sitenote_category":0,"jetpack_post_was_ever_published":false,"footnotes":""},"class_list":["post-376","page","type-page","status-publish","hentry"],"jetpack_sharing_enabled":true,"jetpack_shortlink":"https:\/\/wp.me\/P9M12W-64","_links":{"self":[{"href":"https:\/\/www.nbs-sr.de\/index.php?rest_route=\/wp\/v2\/pages\/376","targetHints":{"allow":["GET"]}}],"collection":[{"href":"https:\/\/www.nbs-sr.de\/index.php?rest_route=\/wp\/v2\/pages"}],"about":[{"href":"https:\/\/www.nbs-sr.de\/index.php?rest_route=\/wp\/v2\/types\/page"}],"author":[{"embeddable":true,"href":"https:\/\/www.nbs-sr.de\/index.php?rest_route=\/wp\/v2\/users\/1"}],"replies":[{"embeddable":true,"href":"https:\/\/www.nbs-sr.de\/index.php?rest_route=%2Fwp%2Fv2%2Fcomments&post=376"}],"version-history":[{"count":7,"href":"https:\/\/www.nbs-sr.de\/index.php?rest_route=\/wp\/v2\/pages\/376\/revisions"}],"predecessor-version":[{"id":562,"href":"https:\/\/www.nbs-sr.de\/index.php?rest_route=\/wp\/v2\/pages\/376\/revisions\/562"}],"up":[{"embeddable":true,"href":"https:\/\/www.nbs-sr.de\/index.php?rest_route=\/wp\/v2\/pages\/325"}],"wp:attachment":[{"href":"https:\/\/www.nbs-sr.de\/index.php?rest_route=%2Fwp%2Fv2%2Fmedia&parent=376"}],"curies":[{"name":"wp","href":"https:\/\/api.w.org\/{rel}","templated":true}]}}