{"id":379,"date":"2018-07-31T11:54:26","date_gmt":"2018-07-31T10:54:26","guid":{"rendered":"http:\/\/www.nbs-sr.de\/\/?page_id=379"},"modified":"2020-08-06T11:01:11","modified_gmt":"2020-08-06T10:01:11","slug":"was-ist-bio-em-a-hellblond","status":"publish","type":"page","link":"https:\/\/www.nbs-sr.de\/?page_id=379","title":{"rendered":"2. Was ist &#8222;Bio&#8220;-EM-A?"},"content":{"rendered":"<p><strong>Was ist \u201eBio\u201c-EM-A? <\/strong><\/p>\n<p><strong>Auf \u201eBio\u201c-EM-A trifft zun\u00e4chst einmal alles zu was auch bei EM-A zutrifft (siehe: \u201eWas sind Effektive Mikroorganismen\u201c).<\/strong><\/p>\n<p><strong><a href=\"https:\/\/www.nbs-sr.de\/?product_cat=bio-em-a\">\u201eBio\u201c-EM-A<\/a> \/ <a href=\"https:\/\/www.nbs-sr.de\/?product_cat=bio-em-a-hellblond-effektive-mikroorganismen-hell\">&#8222;Bio&#8220;-EM-A hellblond<\/a><\/strong><\/p>\n<p>Die Mikroorganismen-Url\u00f6sung, ist ein fl\u00fcssiges Multi-Mikroben-Pr\u00e4parat mit gentechnisch nicht ver\u00e4nderten Mikroorganismen, bestehend aus <strong>Photosynthesebakterien, Milchs\u00e4urebakterien, Hefen und fermentaktive Pilzen<\/strong>. Die Multikraft Url\u00f6sung ist bei <a href=\"https:\/\/www.infoxgen.com\/\">\u201e<strong>InfoXGen<\/strong>\u201c<\/a> gelistet, einem \u00f6sterreichischen Verzeichnis f\u00fcr <strong>gentechnikfreie, zum \u00f6kologischen Landbau zugelassene<\/strong>, Stoffe. F\u00fcr ein <a href=\"https:\/\/www.nbs-sr.de\/?product_cat=bio-em-a-hellblond-effektive-mikroorganismen-hell\"><strong>helles EM-A, unser &#8222;hellblond&#8220;<\/strong><\/a>, wird die <strong>Multikraft Url\u00f6sung hell<\/strong> verwendet. Diese Url\u00f6sungen wird von uns mit <strong><a href=\"https:\/\/www.nbs-sr.de\/?product_cat=bio-zuckerrohrmelasse\">Bio-Zuckerrohrmelasse<\/a>,<\/strong> bzw. beim <strong>hellblond mit Bio-Reissirup<\/strong> aus <strong>\u00f6kologischem Landbau<\/strong> und Wasser zu <a href=\"https:\/\/www.nbs-sr.de\/?product_cat=bio-em-a\"><strong>\u201eBio\u201c-EM-A<\/strong><\/a> fermentiert. Die <a href=\"https:\/\/www.nbs-sr.de\/?product_cat=bio-zuckerrohrmelasse\"><strong>Bio Zuckerrohrmelasse<\/strong><\/a> ist ein wertvolles Naturprodukt, das bei der schonenden Herstellung von biologischem Rohrzucker entsteht. Zuckerrohrmelasse galt fr\u00fcher in der Volksheilkunde als hochgesch\u00e4tztes &#8222;Allheilmittel&#8220;. <strong>Aus kontrolliert biologischem Anbau. Gentechnikfrei. Kontrollstelle Bio-Zuckerrohrmelasse: AT-BIO-301, Kontrollstelle Bio-Reissirup: DE-\u00d6KO-037.<\/strong><\/p>\n<p>Mit diesen Produkten wollen wir den \u00f6kologischen Landbau und die nachhaltige Produktion unterst\u00fctzen.<\/p>\n","protected":false},"excerpt":{"rendered":"<p>Was ist \u201eBio\u201c-EM-A? Auf \u201eBio\u201c-EM-A trifft zun\u00e4chst einmal alles zu was auch bei EM-A zutrifft (siehe: \u201eWas sind Effektive Mikroorganismen\u201c). \u201eBio\u201c-EM-A \/ &#8222;Bio&#8220;-EM-A hellblond Die Mikroorganismen-Url\u00f6sung, ist ein fl\u00fcssiges Multi-Mikroben-Pr\u00e4parat mit gentechnisch nicht ver\u00e4nderten Mikroorganismen, bestehend aus Photosynthesebakterien, Milchs\u00e4urebakterien, Hefen und fermentaktive Pilzen. Die Multikraft Url\u00f6sung ist bei \u201eInfoXGen\u201c gelistet, einem \u00f6sterreichischen Verzeichnis f\u00fcr gentechnikfreie, [&hellip;]<\/p>\n","protected":false},"author":1,"featured_media":0,"parent":325,"menu_order":2,"comment_status":"closed","ping_status":"closed","template":"","meta":{"_monsterinsights_skip_tracking":false,"_monsterinsights_sitenote_active":false,"_monsterinsights_sitenote_note":"","_monsterinsights_sitenote_category":0,"jetpack_post_was_ever_published":false,"footnotes":""},"class_list":["post-379","page","type-page","status-publish","hentry"],"jetpack_sharing_enabled":true,"jetpack_shortlink":"https:\/\/wp.me\/P9M12W-67","_links":{"self":[{"href":"https:\/\/www.nbs-sr.de\/index.php?rest_route=\/wp\/v2\/pages\/379","targetHints":{"allow":["GET"]}}],"collection":[{"href":"https:\/\/www.nbs-sr.de\/index.php?rest_route=\/wp\/v2\/pages"}],"about":[{"href":"https:\/\/www.nbs-sr.de\/index.php?rest_route=\/wp\/v2\/types\/page"}],"author":[{"embeddable":true,"href":"https:\/\/www.nbs-sr.de\/index.php?rest_route=\/wp\/v2\/users\/1"}],"replies":[{"embeddable":true,"href":"https:\/\/www.nbs-sr.de\/index.php?rest_route=%2Fwp%2Fv2%2Fcomments&post=379"}],"version-history":[{"count":3,"href":"https:\/\/www.nbs-sr.de\/index.php?rest_route=\/wp\/v2\/pages\/379\/revisions"}],"predecessor-version":[{"id":864,"href":"https:\/\/www.nbs-sr.de\/index.php?rest_route=\/wp\/v2\/pages\/379\/revisions\/864"}],"up":[{"embeddable":true,"href":"https:\/\/www.nbs-sr.de\/index.php?rest_route=\/wp\/v2\/pages\/325"}],"wp:attachment":[{"href":"https:\/\/www.nbs-sr.de\/index.php?rest_route=%2Fwp%2Fv2%2Fmedia&parent=379"}],"curies":[{"name":"wp","href":"https:\/\/api.w.org\/{rel}","templated":true}]}}