{"id":47,"date":"2018-03-23T17:34:28","date_gmt":"2018-03-23T16:34:28","guid":{"rendered":"http:\/\/www.nbs-sr.de\/\/index.php\/agb\/"},"modified":"2020-08-05T16:25:02","modified_gmt":"2020-08-05T15:25:02","slug":"agb","status":"publish","type":"page","link":"https:\/\/www.nbs-sr.de\/?page_id=47","title":{"rendered":"AGB"},"content":{"rendered":"<p>Allgemeine Gesch\u00e4ftsbedingungen und Kundeninformationen \/ Muster-Widerrufsformular \/ Datenschutzerkl\u00e4rung<\/p>\n<ol>\n<li>Allgemeine Gesch\u00e4ftsbedingungen<\/li>\n<\/ol>\n<ul>\n<li>1 Grundlegende Bestimmungen<\/li>\n<\/ul>\n<p>(1)&nbsp; Die nachstehenden Gesch\u00e4ftsbedingungen gelten f\u00fcr alle Vertr\u00e4ge, die Sie mit uns als Anbieter (Natural Bionicle Systems Hofmann\/Tamsen GbR) \u00fcber die Internetplattform schlie\u00dfen. Soweit nicht anders vereinbart, wird der Einbeziehung gegebenenfalls von Ihnen verwendeter eigener Bedingungen widersprochen.<\/p>\n<p>(2) Verbraucher im Sinne der nachstehenden Regelungen ist jede nat\u00fcrliche Person, die ein Rechtsgesch\u00e4ft zu Zwecken abschlie\u00dft, die \u00fcberwiegend weder ihrer gewerblichen noch ihrer selbst\u00e4ndigen beruflichen T\u00e4tigkeit zugerechnet werden kann. Unternehmer ist jede nat\u00fcrliche oder juristische Person oder eine rechtsf\u00e4hige Personengesellschaft, die bei Abschluss eines Rechtsgesch\u00e4fts in Aus\u00fcbung ihrer selbst\u00e4ndigen beruflichen oder gewerblichen T\u00e4tigkeit handelt.<\/p>\n<ul>\n<li>2 Zustandekommen des Vertrages<\/li>\n<\/ul>\n<p>(1) Gegenstand des Vertrages ist der Verkauf von Waren.<\/p>\n<p>(2)&nbsp; Wird ein Artikel von uns eingestellt, liegt in der Angebotsseite das verbindliche Angebot zum Abschluss eines Kaufvertrages zu den in der Artikelseite enthaltenen Bedingungen.<\/p>\n<p>(3)&nbsp; F\u00fcr das Zustandekommen des Vertrages gelten die Natural Bionicle Systems-AGB, insbesondere \u00a7 6, ein entsprechender Link befindet sich auf jeder Seite unten.<\/p>\n<p>Je nach Angebotsformat ist dort der Vertragsschluss wie folgt geregelt:<\/p>\n<p>\u201e\u00a7 6 Angebotsformate und Vertragsschluss<\/p>\n<p>(&#8230;)<\/p>\n<ol start=\"3\">\n<li>Stellt ein Verk\u00e4ufer einen Artikel im Auktions- oder Festpreisformat ein, so gibt er ein verbindliches Angebot zum Abschluss eines Vertrags \u00fcber diesen Artikel ab. Dabei bestimmt er einen Start- bzw. Festpreis und eine Frist, binnen derer das Angebot angenommen werden kann (Angebotsdauer). Legt der Verk\u00e4ufer beim Auktionsformat einen Mindestpreis fest, so steht das Angebot unter der aufschiebenden Bedingung, dass der Mindestpreis erreicht wird.<\/li>\n<li>Der Verk\u00e4ufer kann Angebote im Auktionsformat zus\u00e4tzlich mit einer Sofort-Kaufen-Funktion versehen. Diese kann von einem K\u00e4ufer ausge\u00fcbt werden, solange noch kein Gebot auf den Artikel abgegeben oder ein Mindestpreis noch nicht erreicht wurde. eBay beh\u00e4lt sich vor, diese Funktion in der Zukunft zu \u00e4ndern.<\/li>\n<\/ol>\n<p>(&#8230;)<\/p>\n<ol start=\"11\">\n<li>Bei Festpreisartikeln nimmt der K\u00e4ufer das Angebot an, indem er den Button &#8222;Sofort-Kaufen&#8220; anklickt und anschlie\u00dfend best\u00e4tigt. Bei Festpreisartikeln, bei denen der Verk\u00e4ufer die Option &#8222;sofortige Bezahlung&#8220; ausgew\u00e4hlt hat, nimmt der K\u00e4ufer das Angebot an, indem er den Button &#8222;Sofort-Kaufen&#8220; anklickt und den unmittelbar nachfolgenden Zahlungsvorgang abschlie\u00dft. Der K\u00e4ufer kann Angebote f\u00fcr mehrere Artikel auch dadurch annehmen, dass er die Artikel in den Warenkorb (sofern verf\u00fcgbar) legt und den unmittelbar nachfolgenden Zahlungsvorgang abschlie\u00dft.<\/li>\n<li>Bei Auktionen nimmt der K\u00e4ufer das Angebot durch Abgabe eines Gebots an. Die Annahme erfolgt unter der aufschiebenden Bedingung, dass der K\u00e4ufer nach Ablauf der Angebotsdauer H\u00f6chstbietender ist. Ein Gebot erlischt, wenn ein anderer K\u00e4ufer w\u00e4hrend der Angebotsdauer ein h\u00f6heres Gebot abgibt. (&#8230;)<\/li>\n<li>Bei vorzeitiger Beendigung des Angebots durch den Verk\u00e4ufer kommt zwischen diesem und dem H\u00f6chstbietenden ein Vertrag zustande, es sei denn der Verk\u00e4ufer war dazu berechtigt, das Angebot zur\u00fcckzunehmen und die vorliegenden Gebote zu streichen.<\/li>\n<li>K\u00e4ufer k\u00f6nnen Gebote nur zur\u00fccknehmen, wenn dazu ein berechtigter Grund vorliegt. Nach einer berechtigten Gebotsr\u00fccknahme kommt zwischen dem Nutzer, der nach Ablauf der Auktion aufgrund der Gebotsr\u00fccknahme wieder H\u00f6chstbietender ist und dem Verk\u00e4ufer kein Vertrag zustande.<\/li>\n<li>In bestimmten Kategorien kann der Verk\u00e4ufer sein Angebot mit einer Preisvorschlag-Funktion versehen. Die Preisvorschlag-Funktion erm\u00f6glicht es K\u00e4ufern und Verk\u00e4ufern, den Preis f\u00fcr einen Artikel auszuhandeln. (&#8230;)<\/li>\n<li>Wird ein Artikel vor Ablauf der Angebotsdauer von eBay gel\u00f6scht, kommt kein wirksamer Vertrag zwischen K\u00e4ufer und Verk\u00e4ufer zustande.&#8220;<\/li>\n<\/ol>\n<p>(4) Kauf \u00fcber die Funktion &#8222;Sofort-Kaufen&#8220; oder &#8222;Bieten&#8220;<\/p>\n<p>Das Anklicken der auf den Artikelseiten enthaltenen Schaltfl\u00e4chen &#8222;Sofort-Kaufen&#8220; oder &#8222;Bieten&#8220; f\u00fchrt noch nicht zu verbindlichen Vertragserkl\u00e4rungen. Sie haben vielmehr auch danach die M\u00f6glichkeit, Ihre Eingaben zu pr\u00fcfen und \u00fcber den &#8222;Zur\u00fcck&#8220;-Button des Internetbrowsers zu korrigieren oder den Kauf abzubrechen. Erst mit Abgabe der verbindlichen Vertragserkl\u00e4rung besteht diese M\u00f6glichkeit nicht mehr. Aus der Men\u00fcf\u00fchrung von eBay bei Durchf\u00fchrung eines Kaufes ergibt sich, durch welche Erkl\u00e4rung Sie eine Bindung eingehen und durch welche Handlung der Vertrag zustande kommt.<\/p>\n<p>(5) Kauf \u00fcber den Warenkorb (soweit angeboten)<\/p>\n<p>Durch Anklicken der auf den Artikelseiten enthaltenen Schaltfl\u00e4che \u201eIn den Warenkorb\u201c werden die zum Kauf beabsichtigten Waren im \u201eWarenkorb\u201c abgelegt. Im Anschluss wird Ihnen der \u201eWarenkorb\u201c angezeigt. Ferner k\u00f6nnen Sie \u00fcber die entsprechende Schaltfl\u00e4che in der Navigationsleiste den \u201eWarenkorb\u201c aufrufen und dort jederzeit \u00c4nderungen vornehmen. Nach Aufrufen der Seite \u201eWeiter zur Kaufabwicklung\u201c und der Auswahl bzw. Eingabe von Lieferadresse und Zahlungsart werden abschlie\u00dfend nochmals alle Bestelldaten auf der Bestell\u00fcbersichtsseite angezeigt.<\/p>\n<p>Soweit Sie als Zahlungsart \u201ePayPal\u201c ausw\u00e4hlen, werden Sie zun\u00e4chst auf ein Log-In-Fenster von PayPal gef\u00fchrt. Nach erfolgreicher Anmeldung bei PayPal werden Sie auf die Bestell\u00fcbersichtsseite bei eBay weitergeleitet.<\/p>\n<p>Vor Absenden der Bestellung haben Sie die M\u00f6glichkeit, hier s\u00e4mtliche Angaben nochmals zu \u00fcberpr\u00fcfen, zu \u00e4ndern (auch \u00fcber die Funktion \u201ezur\u00fcck\u201c des Internetbrowsers) bzw. den Kauf abzubrechen.<\/p>\n<p>Mit Anklicken der Schaltfl\u00e4che \u201eKaufen und zahlen\u201c erkl\u00e4ren Sie rechtsverbindlich die Annahme des Angebotes, wodurch der Kaufvertrag zustande kommt.<\/p>\n<p>(6) Kauf \u00fcber die Funktion &#8222;Preisvorschlag&#8220; (soweit angeboten)<\/p>\n<p>Bei der Funktion &#8222;Preisvorschlag&#8220; haben Sie die M\u00f6glichkeit, uns ein Gegenangebot zu unterbreiten, indem Sie auf der Artikelseite die Schaltfl\u00e4che &#8222;Preisvorschlag senden&#8220; anklicken, auf der folgenden Seite Ihren Preisvorschlag eintragen, die Schaltfl\u00e4che &#8222;Preisvorschlag \u00fcberpr\u00fcfen&#8220; anw\u00e4hlen und auf der nachfolgenden Seite die Schaltfl\u00e4che &#8222;Preisvorschlag senden&#8220; best\u00e4tigen (verbindliches Angebot). An diesen Preisvorschlag sind Sie 2 Tage gebunden. Der Vertrag kommt zustande, wenn wir Ihren Preisvorschlag annehmen.<\/p>\n<p>(7) Die Abwicklung der Bestellung und \u00dcbermittlung aller im Zusammenhang mit dem Vertragsschluss erforderlichen Informationen erfolgt per E-Mail zum Teil automatisiert. Sie haben deshalb sicherzustellen, dass die von Ihnen bei uns hinterlegte E-Mail-Adresse zutreffend ist, der Empfang der E-Mails technisch sichergestellt und insbesondere nicht durch SPAM-Filter verhindert wird.<\/p>\n<ul>\n<li>3 Zur\u00fcckbehaltungsrecht, Eigentumsvorbehalt<\/li>\n<\/ul>\n<p>(1) Ein Zur\u00fcckbehaltungsrecht k\u00f6nnen Sie nur aus\u00fcben, soweit es sich um Forderungen aus demselben Vertragsverh\u00e4ltnis handelt.<\/p>\n<p>(2)&nbsp; Die Ware bleibt bis zur vollst\u00e4ndigen Zahlung des Kaufpreises unser Eigentum.<\/p>\n<ul>\n<li>4 Gew\u00e4hrleistung<\/li>\n<\/ul>\n<p>(1) Es bestehen die gesetzlichen M\u00e4ngelhaftungsrechte.<\/p>\n<p>(2) Als Verbraucher werden Sie gebeten, die Sache bei Lieferung umgehend auf Vollst\u00e4ndigkeit, offensichtliche M\u00e4ngel und Transportsch\u00e4den zu \u00fcberpr\u00fcfen und uns sowie dem Spediteur Beanstandungen schnellstm\u00f6glich mitzuteilen. Kommen Sie dem nicht nach, hat dies keine Auswirkung auf Ihre gesetzlichen Gew\u00e4hrleistungsanspr\u00fcche.<\/p>\n<ul>\n<li>5 Rechtswahl<\/li>\n<\/ul>\n<p>(1)&nbsp; Es gilt deutsches Recht. Bei Verbrauchern gilt diese Rechtswahl nur, soweit hierdurch der durch zwingende Bestimmungen des Rechts des Staates des gew\u00f6hnlichen Aufenthaltes des Verbrauchers gew\u00e4hrte Schutz nicht entzogen wird (G\u00fcnstigkeitsprinzip).<\/p>\n<p>(2)&nbsp; Die Bestimmungen des UN-Kaufrechts finden ausdr\u00fccklich keine Anwendung.<\/p>\n<p>_______________________________________________________________________________________<\/p>\n<ol>\n<li>Kundeninformationen<\/li>\n<li>Identit\u00e4t des Verk\u00e4ufers<\/li>\n<\/ol>\n<p>Natural Bionicle Systems<\/p>\n<p>Hofmann \/Tamsen GbR<\/p>\n<p>Ringstr. 13<\/p>\n<p>94342 Stra\u00dfkirchen<\/p>\n<p>Deutschland<\/p>\n<p>Telefon: +49 (0)176-57092771<\/p>\n<p>E-Mail: info@nbs-sr.de<\/p>\n<p>Alternative Streitbeilegung:<\/p>\n<p>Die Europ\u00e4ische Kommission stellt eine Plattform f\u00fcr die au\u00dfergerichtliche Online-Streitbeilegung (OS-Plattform) bereit, aufrufbar unter https:\/\/ec.europa.eu\/odr.<\/p>\n<ol start=\"2\">\n<li>Informationen zum Zustandekommen des Vertrages<\/li>\n<\/ol>\n<p>Die technischen Schritte zum Vertragsschluss, der Vertragsschluss selbst und die Korrekturm\u00f6glichkeiten erfolgen nach Ma\u00dfgabe der Regelungen &#8222;Zustandekommen des Vertrages&#8220; unserer Allgemeinen Gesch\u00e4ftsbedingungen (Teil I.).<\/p>\n<ol start=\"3\">\n<li>Vertragssprache, Vertragstextspeicherung<\/li>\n<\/ol>\n<p>3.1. Vertragssprache ist deutsch.<\/p>\n<p>3.2. Der vollst\u00e4ndige Vertragstext wird von uns nicht gespeichert. Vor Absenden der Bestellung&nbsp; k\u00f6nnen die Vertragsdaten \u00fcber die Druckfunktion des Browsers ausgedruckt oder elektronisch gesichert werden. Nach Zugang der Bestellung bei uns werden die Bestelldaten, die gesetzlich vorgeschriebenen Informationen bei Fernabsatzvertr\u00e4gen und die Allgemeinen Gesch\u00e4ftsbedingungen nochmals per E-Mail an Sie \u00fcbersandt.<\/p>\n<ol start=\"4\">\n<li>Wesentliche Merkmale der Ware oder Dienstleistung<\/li>\n<\/ol>\n<p>Die wesentlichen Merkmale der Ware und\/oder Dienstleistung finden sich im jeweiligen Angebot.<\/p>\n<ol start=\"5\">\n<li>Preise und Zahlungsmodalit\u00e4ten<\/li>\n<\/ol>\n<p>5.1. Die in den jeweiligen Angeboten angef\u00fchrten Preise sowie die Versandkosten stellen Gesamtpreise dar. Sie beinhalten alle Preisbestandteile einschlie\u00dflich aller anfallenden Steuern.<\/p>\n<p>5.2. Die anfallenden Versandkosten sind nicht im Kaufpreis enthalten. Sie sind \u00fcber eine entsprechend bezeichnete Schaltfl\u00e4che auf unserer Internetpr\u00e4senz oder im jeweiligen Angebot aufrufbar, werden im Laufe des Bestellvorganges gesondert ausgewiesen und sind von Ihnen zus\u00e4tzlich zu tragen, soweit nicht die versandkostenfreie Lieferung zugesagt ist.<\/p>\n<p>5.3. Die Ihnen zur Verf\u00fcgung stehenden Zahlungsarten sind unter einer entsprechend bezeichneten Schaltfl\u00e4che auf unserer Internetpr\u00e4senz oder im jeweiligen Angebot ausgewiesen.<\/p>\n<p>5.4. Soweit bei den einzelnen Zahlungsarten nicht anders angegeben, sind die Zahlungsanspr\u00fcche aus dem geschlossenen Vertrag sofort zur Zahlung f\u00e4llig.<\/p>\n<ol start=\"6\">\n<li>Lieferbedingungen<\/li>\n<\/ol>\n<p>6.1. Die Lieferbedingungen, der Liefertermin sowie gegebenenfalls bestehende Lieferbeschr\u00e4nkungen finden sich unter einer entsprechend bezeichneten Schaltfl\u00e4che auf unserer Internetpr\u00e4senz oder im jeweiligen Angebot.<\/p>\n<p>Soweit im jeweiligen Angebot oder unter der entsprechend bezeichneten Schaltfl\u00e4che keine andere Frist angegeben ist, erfolgt die Lieferung der Ware innerhalb von 3-5 Tagen nach Vertragsschluss (bei vereinbarter Vorauszahlung jedoch erst nach dem Zeitpunkt Ihrer Zahlungsanweisung).<\/p>\n<p>6.2. Soweit Sie Verbraucher sind ist gesetzlich geregelt, dass die Gefahr des zuf\u00e4lligen Untergangs und der zuf\u00e4lligen Verschlechterung der verkauften Sache w\u00e4hrend der Versendung erst mit der \u00dcbergabe der Ware an Sie \u00fcbergeht, unabh\u00e4ngig davon, ob die Versendung versichert oder unversichert erfolgt. Dies gilt nicht, wenn Sie eigenst\u00e4ndig ein nicht vom Unternehmer benanntes Transportunternehmen oder eine sonst zur Ausf\u00fchrung der Versendung bestimmte Person beauftragt haben.<\/p>\n<ol start=\"7\">\n<li>Gesetzliches M\u00e4ngelhaftungsrecht<\/li>\n<\/ol>\n<p>Die M\u00e4ngelhaftung richtet sich nach der Regelung &#8222;Gew\u00e4hrleistung&#8220; in unseren Allgemeinen Gesch\u00e4ftsbedingungen (Teil I).<\/p>\n<p>letzte Aktualisierung: 07.03.2018<\/p>\n<p>Muster-Widerrufsformular<\/p>\n<p>(Wenn Sie den Vertrag widerrufen wollen, dann f\u00fcllen Sie bitte dieses Formular aus und senden Sie es zur\u00fcck.)<\/p>\n<p>&#8211; An Natural Bionicle Systems Stefan Tamsen, Oppelner Str. 16a, 94315 Straubing, E-Mail-Adresse: info@nbs-sr.de :<\/p>\n<p>&#8211; Hiermit widerrufe(n) ich\/ wir (*) den von mir\/ uns (*) abgeschlossenen Vertrag \u00fcber den Kauf der folgenden Waren (*)\/<\/p>\n<p>die Erbringung der folgenden Dienstleistung (*)<\/p>\n<p>&#8211; Bestellt am (*)\/ erhalten am (*)<\/p>\n<p>&#8211; Name des\/ der Verbraucher(s)<\/p>\n<p>&#8211; Anschrift des\/ der Verbraucher(s)<\/p>\n<p>&#8211; Unterschrift des\/ der Verbraucher(s) (nur bei Mitteilung auf Papier)<\/p>\n<p>&#8211; Datum<\/p>\n<p>(*) Unzutreffendes streichen.<\/p>\n<p>__________________________________________________________________________________________________<\/p>\n<p>Bei Teilnahme am eBay Plus-Programm k\u00f6nnen auch gewerbliche K\u00e4ufer (die als eBay Plus-Mitglied einen Artikel kaufen, der bei eBay Plus gelistet ist) das Muster-Widerrufsformular f\u00fcr die Widerrufserkl\u00e4rung verwenden.<\/p>\n<p>__________________________________________________________________________________________<\/p>\n<p>Datenschutzerkl\u00e4rung<\/p>\n<p>Herzlich Willkommen auf unseren Seiten!<\/p>\n<p>Wir legen gr\u00f6\u00dften Wert auf den Schutz Ihrer Daten und die Wahrung Ihrer Privatsph\u00e4re. Nachstehend informieren wir Sie deshalb \u00fcber die Erhebung und Verwendung pers\u00f6nlicher Daten bei Nutzung unserer Seiten.<\/p>\n<p>Anonyme Datenerhebung<\/p>\n<p>Sie k\u00f6nnen unsere Seiten besuchen, ohne Angaben zu Ihrer Person zu machen. Wir speichern in diesem Zusammenhang keinerlei pers\u00f6nliche Daten.<\/p>\n<p>Erhebung, Verarbeitung und Nutzung personenbezogener Daten<\/p>\n<p>Wir erheben personenbezogene Daten (Einzelangaben \u00fcber pers\u00f6nliche oder sachliche Verh\u00e4ltnisse einer bestimmten oder bestimmbaren nat\u00fcrlichen Person) nur in dem von Ihnen zur Verf\u00fcgung gestellten Umfang.<\/p>\n<p>Die Verarbeitung und Nutzung Ihrer personenbezogenen Daten erfolgt zur Erf\u00fcllung und Abwicklung Ihrer Bestellung sowie zur Bearbeitung Ihrer Anfragen.<\/p>\n<p>Nach vollst\u00e4ndiger Vertragsabwicklung werden alle personenbezogenen Daten zun\u00e4chst unter Ber\u00fccksichtigung steuer- und handelsrechtlicher Aufbewahrungsfristen gespeichert und dann nach Fristablauf gel\u00f6scht, sofern Sie der weitergehenden Verarbeitung und Nutzung nicht zugestimmt haben.<\/p>\n<p>Weitergabe personenbezogener Daten<\/p>\n<p>Eine Weitergabe Ihrer Daten an Dritte ohne Ihre ausdr\u00fcckliche Einwilligung erfolgt nicht. Ausgenommen hiervon sind lediglich unsere Dienstleistungspartner, die wir zur Abwicklung des Vertragsverh\u00e4ltnisses ben\u00f6tigen. In diesen F\u00e4llen beachten wir strikt die Vorgaben des Bundesdatenschutzgesetzes. Der Umfang der Daten\u00fcbermittlung beschr\u00e4nkt sich auf ein Mindestma\u00df.<\/p>\n<p>Auskunft, Berichtigung, Sperrung und L\u00f6schung von Daten<\/p>\n<p>Sie haben jederzeit das Recht auf unentgeltliche Auskunft \u00fcber Ihre gespeicherten Daten sowie das Recht auf Berichtigung, L\u00f6schung bzw. Sperrung. Kontaktieren Sie uns auf Wunsch. Die Kontaktdaten finden Sie in unserem Impressum.<br \/>\n[gzd_complaints]<\/p>\n","protected":false},"excerpt":{"rendered":"<p>Allgemeine Gesch\u00e4ftsbedingungen und Kundeninformationen \/ Muster-Widerrufsformular \/ Datenschutzerkl\u00e4rung Allgemeine Gesch\u00e4ftsbedingungen 1 Grundlegende Bestimmungen (1)&nbsp; Die nachstehenden Gesch\u00e4ftsbedingungen gelten f\u00fcr alle Vertr\u00e4ge, die Sie mit uns als Anbieter (Natural Bionicle Systems Hofmann\/Tamsen GbR) \u00fcber die Internetplattform schlie\u00dfen. Soweit nicht anders vereinbart, wird der Einbeziehung gegebenenfalls von Ihnen verwendeter eigener Bedingungen widersprochen. (2) Verbraucher im Sinne der [&hellip;]<\/p>\n","protected":false},"author":1,"featured_media":0,"parent":32,"menu_order":8,"comment_status":"closed","ping_status":"closed","template":"","meta":{"_monsterinsights_skip_tracking":false,"_monsterinsights_sitenote_active":false,"_monsterinsights_sitenote_note":"","_monsterinsights_sitenote_category":0,"footnotes":""},"class_list":["post-47","page","type-page","status-publish","hentry"],"jetpack_sharing_enabled":true,"jetpack_shortlink":"https:\/\/wp.me\/P9M12W-L","_links":{"self":[{"href":"https:\/\/www.nbs-sr.de\/index.php?rest_route=\/wp\/v2\/pages\/47","targetHints":{"allow":["GET"]}}],"collection":[{"href":"https:\/\/www.nbs-sr.de\/index.php?rest_route=\/wp\/v2\/pages"}],"about":[{"href":"https:\/\/www.nbs-sr.de\/index.php?rest_route=\/wp\/v2\/types\/page"}],"author":[{"embeddable":true,"href":"https:\/\/www.nbs-sr.de\/index.php?rest_route=\/wp\/v2\/users\/1"}],"replies":[{"embeddable":true,"href":"https:\/\/www.nbs-sr.de\/index.php?rest_route=%2Fwp%2Fv2%2Fcomments&post=47"}],"version-history":[{"count":6,"href":"https:\/\/www.nbs-sr.de\/index.php?rest_route=\/wp\/v2\/pages\/47\/revisions"}],"predecessor-version":[{"id":603,"href":"https:\/\/www.nbs-sr.de\/index.php?rest_route=\/wp\/v2\/pages\/47\/revisions\/603"}],"up":[{"embeddable":true,"href":"https:\/\/www.nbs-sr.de\/index.php?rest_route=\/wp\/v2\/pages\/32"}],"wp:attachment":[{"href":"https:\/\/www.nbs-sr.de\/index.php?rest_route=%2Fwp%2Fv2%2Fmedia&parent=47"}],"curies":[{"name":"wp","href":"https:\/\/api.w.org\/{rel}","templated":true}]}}