{"id":479,"date":"2018-08-25T17:04:16","date_gmt":"2018-08-25T15:04:16","guid":{"rendered":"http:\/\/www.nbs-sr.de\/\/?page_id=479"},"modified":"2023-01-05T14:17:28","modified_gmt":"2023-01-05T13:17:28","slug":"5-was-ist-bio-em-a-hellblond","status":"publish","type":"page","link":"https:\/\/www.nbs-sr.de\/?page_id=479","title":{"rendered":"6. Was ist (&#8222;Bio&#8220;-)Borem API, sehr helles EM-A?"},"content":{"rendered":"<p><strong>(&#8222;Bio-)Borem-API, EMA sehr hell, Effektive Mikroorganismen-aktiviert,<br \/>\n<\/strong><\/p>\n<p>(&#8222;Bio&#8220;-)Borem API ist auf Kundenwunsch von uns f\u00fcr den Einsatz in der Wohnung oder \u00d6ffentlichkeit bereitgestellt worden. In etwa gleiche Wirksamkeit wie EM-A bei deutlich hellerer Farbe und mildem Geruch und Geschmack. Durch Fermentation von Multikraft Url\u00f6sung hell und Reissirup entsteht eine, von uns Borem API (Apis mellitus die Honigbiene) getaufte, EM-A L\u00f6sung f\u00fcr den universellen Einsatz. Kaum einer bemerkt die Anwendung, besonders in Verd\u00fcnnung, daher ist sie f\u00fcr den Einsatz in der \u00d6ffentlichkeit (Berufe wie z.B. Fris\u00f6rin, Servicekraft u.a., Raumspray). Borem API ist deshalb besonders gut bei kosmetischen oder Anwendungen in geschlossenen R\u00e4umen geeignet.<\/p>\n<p>Borem API wird aus Url\u00f6sung hell und Reissirup (oder bei &#8222;Bio&#8220;-Borem API mit Bio-Reissirup, Kontrollstelle DE-\u00d6KO-037) in einem zus\u00e4tzlichen Produktionsschritt hergestellt, so dass nahezu alles f\u00fcr das EM-A- gesagte auch auf Borem API zutrifft.<\/p>\n<p>Gentechnikfrei.<\/p>\n<p>Interesse? Bitte bestellen sie doch (&#8222;Bio&#8220;-) Borem API, sehr helles EM-A in verschiedenen Packungsgr\u00f6\u00dfen: <a href=\"https:\/\/www.nbs-sr.de\/?product=em-a-gr-05l-flasche-effektive-mikroorganismen-aktiviert-geruchsreduziert\">0,5l- Flasche<\/a> <a href=\"https:\/\/www.nbs-sr.de\/?product=bio-em-a-hellblond-05l-flasche-effektive-mikroorganismen-aktiviert-hell\">(&#8222;Bio&#8220;)<\/a>, <a href=\"https:\/\/www.nbs-sr.de\/?product=em-a-gr-1l-flasche-effektive-mikroorganismen-aktiviert-geruchsreduziert\">1l-Flasche<\/a> <a href=\"https:\/\/www.nbs-sr.de\/?product=bio-em-a-hellblond-1l-flasche-effektive-mikroorganismen-aktiviert-hell-kopie\">(&#8222;Bio&#8220;)<\/a>, <a href=\"https:\/\/www.nbs-sr.de\/?product=em-a-gr-3l-baginbox-effektive-mikroorganismen-aktiviert-geruchsreduziert\">3l BaginBox<\/a> <a href=\"https:\/\/www.nbs-sr.de\/?product=bio-em-a-hellblond-3l-bag-in-box-effektive-mikroorganismen-aktiviert-hell\">(&#8222;Bio&#8220;)<\/a>, <a href=\"https:\/\/www.nbs-sr.de\/?product=em-a-gr-5l-baginbox-effektive-mikroorganismen-aktiviert-geruchsreduziert\">5l BaginBox<\/a> <a href=\"https:\/\/www.nbs-sr.de\/?product=bio-em-a-hellblond-5l-bag-in-box-effektive-mikroorganismen-aktiviert-hell\">(&#8222;Bio&#8220;)<\/a> hier im shop: <a href=\"https:\/\/www.nbs-sr.de\/?product_cat=em-a-hellblond-effektive-mikroorganismen-aktiviert-hell\">EM-A hellblond<\/a>, <a href=\"https:\/\/www.nbs-sr.de\/?product_cat=bio-em-a-hellblond-effektive-mikroorganismen-hell\">&#8222;Bio&#8220;-EM-A hellb<\/a><a href=\"https:\/\/www.nbs-sr.de\/?product_cat=bio-em-a-hellblond-effektive-mikroorganismen-hell\">lond<\/a><\/p>\n<p><strong>Viel Erfolg mit unseren Produkten w\u00fcnscht das NBS-Team!<\/strong><\/p>\n","protected":false},"excerpt":{"rendered":"<p>(&#8222;Bio-)Borem-API, EMA sehr hell, Effektive Mikroorganismen-aktiviert, (&#8222;Bio&#8220;-)Borem API ist auf Kundenwunsch von uns f\u00fcr den Einsatz in der Wohnung oder \u00d6ffentlichkeit bereitgestellt worden. In etwa gleiche Wirksamkeit wie EM-A bei deutlich hellerer Farbe und mildem Geruch und Geschmack. Durch Fermentation von Multikraft Url\u00f6sung hell und Reissirup entsteht eine, von uns Borem API (Apis mellitus die [&hellip;]<\/p>\n","protected":false},"author":1,"featured_media":0,"parent":325,"menu_order":6,"comment_status":"closed","ping_status":"closed","template":"","meta":{"_monsterinsights_skip_tracking":false,"_monsterinsights_sitenote_active":false,"_monsterinsights_sitenote_note":"","_monsterinsights_sitenote_category":0,"jetpack_post_was_ever_published":false,"footnotes":""},"class_list":["post-479","page","type-page","status-publish","hentry"],"jetpack_sharing_enabled":true,"jetpack_shortlink":"https:\/\/wp.me\/P9M12W-7J","_links":{"self":[{"href":"https:\/\/www.nbs-sr.de\/index.php?rest_route=\/wp\/v2\/pages\/479","targetHints":{"allow":["GET"]}}],"collection":[{"href":"https:\/\/www.nbs-sr.de\/index.php?rest_route=\/wp\/v2\/pages"}],"about":[{"href":"https:\/\/www.nbs-sr.de\/index.php?rest_route=\/wp\/v2\/types\/page"}],"author":[{"embeddable":true,"href":"https:\/\/www.nbs-sr.de\/index.php?rest_route=\/wp\/v2\/users\/1"}],"replies":[{"embeddable":true,"href":"https:\/\/www.nbs-sr.de\/index.php?rest_route=%2Fwp%2Fv2%2Fcomments&post=479"}],"version-history":[{"count":7,"href":"https:\/\/www.nbs-sr.de\/index.php?rest_route=\/wp\/v2\/pages\/479\/revisions"}],"predecessor-version":[{"id":893,"href":"https:\/\/www.nbs-sr.de\/index.php?rest_route=\/wp\/v2\/pages\/479\/revisions\/893"}],"up":[{"embeddable":true,"href":"https:\/\/www.nbs-sr.de\/index.php?rest_route=\/wp\/v2\/pages\/325"}],"wp:attachment":[{"href":"https:\/\/www.nbs-sr.de\/index.php?rest_route=%2Fwp%2Fv2%2Fmedia&parent=479"}],"curies":[{"name":"wp","href":"https:\/\/api.w.org\/{rel}","templated":true}]}}