{"id":482,"date":"2018-08-25T17:17:49","date_gmt":"2018-08-25T15:17:49","guid":{"rendered":"http:\/\/www.nbs-sr.de\/\/?page_id=482"},"modified":"2020-08-05T16:38:14","modified_gmt":"2020-08-05T15:38:14","slug":"6-was-ist-borem-aqa","status":"publish","type":"page","link":"https:\/\/www.nbs-sr.de\/?page_id=482","title":{"rendered":"7. Was ist Borem AQA?"},"content":{"rendered":"<p><strong>Borem AQA, EM-A Spezial f\u00fcr Gew\u00e4sser und Aquarien<\/strong><\/p>\n<p>&nbsp;<\/p>\n<p>Borem AQA ist speziell f\u00fcr die Anwendung in Gew\u00e4ssern entwicklet worden. Da bei der Anwendung von EM-A bei einigen Anwendern Probleme auftraten bzw. nicht die gew\u00fcnschte Wirkung eintrat haben wir f\u00fcr sie geforscht. Heraus kam das Borem AQA, welches weniger N\u00e4hrstoffe als EM-A enth\u00e4lt und eine etwas andere Mikrobenzusammensetzung aufweist. Dadurch wird eine anf\u00e4ngliche \u00dcberd\u00fcngung des Gew\u00e4ssers in der Anfangsphase verhindert und die Wirkung kann sehr viel gezielter und schneller eintreten.<\/p>\n<p>Noch erfolgreicher ist die Kombinierte Behandlung mit Borem Dangos und EM-Keramik-Pulver\/Pipes und Aktivkohle.<\/p>\n<p>Borem AQA ist sehr wertvoll f\u00fcr die Fischgesundheit, da die Ansiedlung von Krankheiten, z.B. durch Pilze, verhindert wird bzw. der Fisch gesundheitlich so gest\u00e4rkt wird, dass er Parasiten und andere Beeintr\u00e4chtigungen viel besser \u00fcbersteht. Gleichzeitig wird der Boden des Gew\u00e4ssers aktiviert und durch diese Aktivit\u00e4t der Mikroorganismen weerden N\u00e4hrstoffe um- bzw. Abgebaut. Das hat zur Folge dass Es keine Geruchsbel\u00e4stigung durch Faulgase gibt, Algen reduziert werden und einer Verlandung Vorschub geleistet wird.<\/p>\n<p>Bitte beachten Sie, dass die F\u00fctterung oder der N\u00e4hrstoffeintrag, z.B. duch Regenwasserabfluss vom Dach oder Feldern, d.h. belastetes Grundwasser, angemessen und nicht \u00fcber Geb\u00fchr erfolgt. Jedes Biotop ist individuell. Es gibt noch Folgemethoden um ein Gew\u00e4sser zu behandeln, dass es wieder ins Gleichgewicht kommen kann. Sprechen sie uns an.<\/p>\n<p>Der Zuzug seltener Arten ist nicht ausgeschlossen.<\/p>\n<p>&nbsp;<\/p>\n<p><strong>Viel Erfolg w\u00fcnscht ihnen das NBS-Team!<\/strong><\/p>\n","protected":false},"excerpt":{"rendered":"<p>Borem AQA, EM-A Spezial f\u00fcr Gew\u00e4sser und Aquarien &nbsp; Borem AQA ist speziell f\u00fcr die Anwendung in Gew\u00e4ssern entwicklet worden. Da bei der Anwendung von EM-A bei einigen Anwendern Probleme auftraten bzw. nicht die gew\u00fcnschte Wirkung eintrat haben wir f\u00fcr sie geforscht. Heraus kam das Borem AQA, welches weniger N\u00e4hrstoffe als EM-A enth\u00e4lt und eine [&hellip;]<\/p>\n","protected":false},"author":1,"featured_media":0,"parent":325,"menu_order":7,"comment_status":"closed","ping_status":"closed","template":"","meta":{"_monsterinsights_skip_tracking":false,"_monsterinsights_sitenote_active":false,"_monsterinsights_sitenote_note":"","_monsterinsights_sitenote_category":0,"jetpack_post_was_ever_published":false,"footnotes":""},"class_list":["post-482","page","type-page","status-publish","hentry"],"jetpack_sharing_enabled":true,"jetpack_shortlink":"https:\/\/wp.me\/P9M12W-7M","_links":{"self":[{"href":"https:\/\/www.nbs-sr.de\/index.php?rest_route=\/wp\/v2\/pages\/482","targetHints":{"allow":["GET"]}}],"collection":[{"href":"https:\/\/www.nbs-sr.de\/index.php?rest_route=\/wp\/v2\/pages"}],"about":[{"href":"https:\/\/www.nbs-sr.de\/index.php?rest_route=\/wp\/v2\/types\/page"}],"author":[{"embeddable":true,"href":"https:\/\/www.nbs-sr.de\/index.php?rest_route=\/wp\/v2\/users\/1"}],"replies":[{"embeddable":true,"href":"https:\/\/www.nbs-sr.de\/index.php?rest_route=%2Fwp%2Fv2%2Fcomments&post=482"}],"version-history":[{"count":4,"href":"https:\/\/www.nbs-sr.de\/index.php?rest_route=\/wp\/v2\/pages\/482\/revisions"}],"predecessor-version":[{"id":488,"href":"https:\/\/www.nbs-sr.de\/index.php?rest_route=\/wp\/v2\/pages\/482\/revisions\/488"}],"up":[{"embeddable":true,"href":"https:\/\/www.nbs-sr.de\/index.php?rest_route=\/wp\/v2\/pages\/325"}],"wp:attachment":[{"href":"https:\/\/www.nbs-sr.de\/index.php?rest_route=%2Fwp%2Fv2%2Fmedia&parent=482"}],"curies":[{"name":"wp","href":"https:\/\/api.w.org\/{rel}","templated":true}]}}