{"id":605,"date":"2019-03-10T11:52:48","date_gmt":"2019-03-10T10:52:48","guid":{"rendered":"https:\/\/www.nbs-sr.de\/?page_id=605"},"modified":"2020-08-05T17:04:14","modified_gmt":"2020-08-05T16:04:14","slug":"9-was-sind-borem-dangos","status":"publish","type":"page","link":"https:\/\/www.nbs-sr.de\/?page_id=605","title":{"rendered":"9. Was sind Borem Dangos?"},"content":{"rendered":"\n<p>Dango aus dem japanischen heisst Klo\u00df. So sehen die auch aus. Bestehen tun sie aus EM-A, Lehm, A-Kohle, EM-Keramik u.a..<\/p>\n\n\n\n<p>Dangos dienen der Gew\u00e4ssersanierung vom Grund aus. Man wirft sie ins Wasser, m\u00f6glichst gut verteilt auf die Fl\u00e4che. Man nimmt ca. 1 Dango pro 2m\u00b2 Teichfl\u00e4che. Bevorzugt ist der Flachwasserbereich zu behandeln.<\/p>\n\n\n\n<p>Die Folgen sollen sein: \u00fcble Ger\u00fcche verschwinden, d.h. der Faulprozess wird in einen Umwandlungsprozess gewandelt und damit Energie freigesetzt, welche zur Erhaltung der nat\u00fcrlichen \u00d6kologie genutzt werden kann. Reduzierung der Verlandung durch gezielten, nicht fauligen, Abbau der Substanz von Bl\u00e4ttern u.a. Pflanzenteilen (auch Algen und -Reste, z.B. durch Borem-AQA-Behandlung!!!) in N\u00e4hrstoffe.<\/p>\n","protected":false},"excerpt":{"rendered":"<p>Dango aus dem japanischen heisst Klo\u00df. So sehen die auch aus. Bestehen tun sie aus EM-A, Lehm, A-Kohle, EM-Keramik u.a.. Dangos dienen der Gew\u00e4ssersanierung vom Grund aus. Man wirft sie ins Wasser, m\u00f6glichst gut verteilt auf die Fl\u00e4che. Man nimmt ca. 1 Dango pro 2m\u00b2 Teichfl\u00e4che. Bevorzugt ist der Flachwasserbereich zu behandeln. Die Folgen sollen [&hellip;]<\/p>\n","protected":false},"author":1,"featured_media":0,"parent":325,"menu_order":9,"comment_status":"closed","ping_status":"closed","template":"","meta":{"_monsterinsights_skip_tracking":false,"_monsterinsights_sitenote_active":false,"_monsterinsights_sitenote_note":"","_monsterinsights_sitenote_category":0,"jetpack_post_was_ever_published":false,"footnotes":""},"class_list":["post-605","page","type-page","status-publish","hentry"],"jetpack_sharing_enabled":true,"jetpack_shortlink":"https:\/\/wp.me\/P9M12W-9L","_links":{"self":[{"href":"https:\/\/www.nbs-sr.de\/index.php?rest_route=\/wp\/v2\/pages\/605","targetHints":{"allow":["GET"]}}],"collection":[{"href":"https:\/\/www.nbs-sr.de\/index.php?rest_route=\/wp\/v2\/pages"}],"about":[{"href":"https:\/\/www.nbs-sr.de\/index.php?rest_route=\/wp\/v2\/types\/page"}],"author":[{"embeddable":true,"href":"https:\/\/www.nbs-sr.de\/index.php?rest_route=\/wp\/v2\/users\/1"}],"replies":[{"embeddable":true,"href":"https:\/\/www.nbs-sr.de\/index.php?rest_route=%2Fwp%2Fv2%2Fcomments&post=605"}],"version-history":[{"count":1,"href":"https:\/\/www.nbs-sr.de\/index.php?rest_route=\/wp\/v2\/pages\/605\/revisions"}],"predecessor-version":[{"id":606,"href":"https:\/\/www.nbs-sr.de\/index.php?rest_route=\/wp\/v2\/pages\/605\/revisions\/606"}],"up":[{"embeddable":true,"href":"https:\/\/www.nbs-sr.de\/index.php?rest_route=\/wp\/v2\/pages\/325"}],"wp:attachment":[{"href":"https:\/\/www.nbs-sr.de\/index.php?rest_route=%2Fwp%2Fv2%2Fmedia&parent=605"}],"curies":[{"name":"wp","href":"https:\/\/api.w.org\/{rel}","templated":true}]}}