{"id":732,"date":"2020-04-25T16:21:52","date_gmt":"2020-04-25T15:21:52","guid":{"rendered":"https:\/\/www.nbs-sr.de\/?page_id=732"},"modified":"2020-08-06T10:44:56","modified_gmt":"2020-08-06T09:44:56","slug":"corona-special","status":"publish","type":"page","link":"https:\/\/www.nbs-sr.de\/?page_id=732","title":{"rendered":"Corona special"},"content":{"rendered":"\n<p>Liebe Kunden,<\/p>\n\n\n\n<p>auf der Suche nach Zusammenh\u00e4ngen zwischen EM\u00b4s und Corona-Virus (Covid19) habe ich dieses sehr interessante Interview der <a href=\"https:\/\/eifeler-presse-agentur.de\/\">Eifeler Presse Agentur \u2013 epa<\/a>, mit einer, mindestens in EM-Kreisen, hochgesch\u00e4tzten, Dame gefunden:<\/p>\n\n\n\n<figure class=\"wp-block-embed-wordpress wp-block-embed is-type-wp-embed is-provider-eifeler-presse-agentur-epa\"><div class=\"wp-block-embed__wrapper\">\n<blockquote class=\"wp-embedded-content\" data-secret=\"gAyhHjX5S3\"><a href=\"https:\/\/eifeler-presse-agentur.de\/2020\/02\/corona-virus-bakterien-sind-virenfaenger\/\">Corona-Virus: \u201eBakterien sind Virenf\u00e4nger\u201c<\/a><\/blockquote><iframe loading=\"lazy\" class=\"wp-embedded-content\" sandbox=\"allow-scripts\" security=\"restricted\" style=\"position: absolute; clip: rect(1px, 1px, 1px, 1px);\" title=\"&#8222;Corona-Virus: \u201eBakterien sind Virenf\u00e4nger\u201c&#8220; &#8212; Eifeler Presse Agentur - epa\" src=\"https:\/\/eifeler-presse-agentur.de\/2020\/02\/corona-virus-bakterien-sind-virenfaenger\/embed\/#?secret=gAyhHjX5S3\" data-secret=\"gAyhHjX5S3\" width=\"600\" height=\"338\" frameborder=\"0\" marginwidth=\"0\" marginheight=\"0\" scrolling=\"no\"><\/iframe>\n<\/div><\/figure>\n\n\n\n<p>Das Einstellen dieses links zu dem Interview (vom 28.02.20) mit&nbsp;<em>Dr. Anne Katharina Zschocke<\/em>&nbsp;wurde uns freundlicherweise von der&nbsp;<a href=\"https:\/\/eifeler-presse-agentur.de\/\">Eifeler Presse Agentur \u2013 epa<\/a> erlaubt.<\/p>\n\n\n\n<p><em>Dr. Anne Katharina Zschocke, Freie Fachdozentin, EM-Ausbilderin, Bestsellerautorin sowie Expertin und Pionierin auf dem Gebiet der Mikroorganismen gab im Gespr\u00e4ch mit der <strong>Eifeler Presse Agentur<\/strong> Tipps, wie man sich mit einem gesunden Mikrobiom vor dem Corona-Virus, aber auch vor Grippeviren sch\u00fctzen kann<\/em>.<\/p>\n\n\n\n<p>Immer wieder tauchen Fragen auf wie EM\u00b4s bei der Vorbeugung oder sogar Behandlung von Virus Erkrankungen helfen k\u00f6nnen. Erstaunlicherweise tun sie das, obwohl die Effektiven Mikroorganismen eher dazu neigen die &#8222;freien Pl\u00e4tze&#8220; zu besetzen oder gar andere Mikroorganismen zu verdr\u00e4ngen. Bei Viren sieht das v\u00f6llig anders aus!? Eventuell ist es neben der Platzbesetzung auch die Biochemie, die mit ihren Enzymen und anderen aktiven Stoffen dazu neigt Viren zu inaktivieren, das Immunsystem zu unterst\u00fctzen oder gar die Viren zu zerst\u00f6ren? Erfahrungen mit normalen Schnupfen, eine <a href=\"https:\/\/www.pharmawiki.ch\/wiki\/index.php?wiki=Rhinoviren\">Virusinfektion mit sog. Rhinoviren<\/a>, zeigen das etwas m\u00f6glich ist.<\/p>\n\n\n\n<p>Bleiben sie gesund!<\/p>\n\n\n\n<p><\/p>\n\n\n\n<p>Ihr NBS-Team<\/p>\n","protected":false},"excerpt":{"rendered":"<p>Liebe Kunden, auf der Suche nach Zusammenh\u00e4ngen zwischen EM\u00b4s und Corona-Virus (Covid19) habe ich dieses sehr interessante Interview der Eifeler Presse Agentur \u2013 epa, mit einer, mindestens in EM-Kreisen, hochgesch\u00e4tzten, Dame gefunden: Das Einstellen dieses links zu dem Interview (vom 28.02.20) mit&nbsp;Dr. Anne Katharina Zschocke&nbsp;wurde uns freundlicherweise von der&nbsp;Eifeler Presse Agentur \u2013 epa erlaubt. Dr. [&hellip;]<\/p>\n","protected":false},"author":1,"featured_media":855,"parent":0,"menu_order":0,"comment_status":"closed","ping_status":"closed","template":"","meta":{"_monsterinsights_skip_tracking":false,"_monsterinsights_sitenote_active":false,"_monsterinsights_sitenote_note":"","_monsterinsights_sitenote_category":0,"jetpack_post_was_ever_published":false,"footnotes":""},"class_list":["post-732","page","type-page","status-publish","has-post-thumbnail","hentry"],"jetpack_sharing_enabled":true,"jetpack_shortlink":"https:\/\/wp.me\/P9M12W-bO","_links":{"self":[{"href":"https:\/\/www.nbs-sr.de\/index.php?rest_route=\/wp\/v2\/pages\/732","targetHints":{"allow":["GET"]}}],"collection":[{"href":"https:\/\/www.nbs-sr.de\/index.php?rest_route=\/wp\/v2\/pages"}],"about":[{"href":"https:\/\/www.nbs-sr.de\/index.php?rest_route=\/wp\/v2\/types\/page"}],"author":[{"embeddable":true,"href":"https:\/\/www.nbs-sr.de\/index.php?rest_route=\/wp\/v2\/users\/1"}],"replies":[{"embeddable":true,"href":"https:\/\/www.nbs-sr.de\/index.php?rest_route=%2Fwp%2Fv2%2Fcomments&post=732"}],"version-history":[{"count":6,"href":"https:\/\/www.nbs-sr.de\/index.php?rest_route=\/wp\/v2\/pages\/732\/revisions"}],"predecessor-version":[{"id":862,"href":"https:\/\/www.nbs-sr.de\/index.php?rest_route=\/wp\/v2\/pages\/732\/revisions\/862"}],"wp:featuredmedia":[{"embeddable":true,"href":"https:\/\/www.nbs-sr.de\/index.php?rest_route=\/wp\/v2\/media\/855"}],"wp:attachment":[{"href":"https:\/\/www.nbs-sr.de\/index.php?rest_route=%2Fwp%2Fv2%2Fmedia&parent=732"}],"curies":[{"name":"wp","href":"https:\/\/api.w.org\/{rel}","templated":true}]}}